{"id":3073,"date":"2025-05-09T21:21:32","date_gmt":"2025-05-09T21:21:32","guid":{"rendered":"https:\/\/ivvk.rs\/karijera\/"},"modified":"2026-03-22T21:19:42","modified_gmt":"2026-03-22T21:19:42","slug":"karijera","status":"publish","type":"page","link":"https:\/\/ivvk.rs\/sr\/karijera\/","title":{"rendered":"Karijera"},"content":{"rendered":"\t\t<div data-elementor-type=\"wp-page\" data-elementor-id=\"3073\" class=\"elementor elementor-3073 elementor-18\" data-elementor-post-type=\"page\">\n\t\t\t\t<div class=\"elementor-element elementor-element-a65e269 e-flex e-con-boxed e-con e-parent\" data-id=\"a65e269\" data-element_type=\"container\" data-e-type=\"container\" data-settings=\"{&quot;background_background&quot;:&quot;classic&quot;}\">\n\t\t\t\t\t<div class=\"e-con-inner\">\n\t\t\t\t<div class=\"elementor-element elementor-element-9697ef2 elementor-widget elementor-widget-heading\" data-id=\"9697ef2\" data-element_type=\"widget\" data-e-type=\"widget\" data-widget_type=\"heading.default\">\n\t\t\t\t\t<h1 class=\"elementor-heading-title elementor-size-default\">Karijera<\/h1>\t\t\t\t<\/div>\n\t\t\t\t<div class=\"elementor-element elementor-element-1eef165 elementor-widget elementor-widget-shortcode\" data-id=\"1eef165\" data-element_type=\"widget\" data-e-type=\"widget\" data-widget_type=\"shortcode.default\">\n\t\t\t\t\t\t\t<div class=\"elementor-shortcode\"><nav aria-label=\"breadcrumbs\" class=\"rank-math-breadcrumb\"><p><span class=\"last\">Po\u010detna<\/span><\/p><\/nav><\/div>\n\t\t\t\t\t\t<\/div>\n\t\t\t\t\t<\/div>\n\t\t\t\t<\/div>\n\t\t<div class=\"elementor-element elementor-element-61f5d76 e-flex e-con-boxed e-con e-parent\" data-id=\"61f5d76\" data-element_type=\"container\" data-e-type=\"container\">\n\t\t\t\t\t<div class=\"e-con-inner\">\n\t\t\t\t<div class=\"elementor-element elementor-element-8af7247 elementor-widget elementor-widget-heading\" data-id=\"8af7247\" data-element_type=\"widget\" data-e-type=\"widget\" data-widget_type=\"heading.default\">\n\t\t\t\t\t<h2 class=\"elementor-heading-title elementor-size-default\">IVVK Lawyers<\/h2>\t\t\t\t<\/div>\n\t\t\t\t<div class=\"elementor-element elementor-element-9b07105 elementor-widget elementor-widget-text-editor\" data-id=\"9b07105\" data-element_type=\"widget\" data-e-type=\"widget\" data-widget_type=\"text-editor.default\">\n\t\t\t\t\t\t\t\t\t<p class=\"p1\">Mi smo dinami\u010dna, progresivna i vode\u0107a advokatska kancelarija koja pru\u017ea pravne usluge kako na nacionalnom, tako i na me\u0111unarodnom nivou, sara\u0111uju\u0107i sa klijentima u \u0161irokom spektru pravnih oblasti. Na\u0161i advokati imaju \u0161iroku perspektivu i temeljno razumevanje kako prava, tako i poslovanja, pokrivaju\u0107i veliki broj pravnih oblasti. Upravo zato na\u0161 tim predstavlja odli\u010dno mesto za rad, u\u010denje i profesionalni razvoj.<\/p>\n<p><\/p>\n<p class=\"p1\">Zahvaljuju\u0107i razvoju tehnologije, svedoci smo stalnih promena u poslovnom okru\u017eenju i dru\u0161tvu koje zahteva brze promene i unapre\u0111enja u pravnom sektoru. Zbog toga smo uvek u potrazi za obrazovanim pojedincima, stru\u010dnjacima zainteresovanim za budu\u0107nost prava, kao i ljudima koji su motivisani i posve\u0107eni pravnoj izvrsnosti.<\/p>\n<p><\/p>\n<p class=\"p1\">Ukoliko delite na\u0161e vrednosti i me\u0111unarodnu orijentaciju, voleli bismo da vas upoznamo bez obzira na va\u0161e iskustvo. Molimo vas da nas kontaktirate putem forme ispod.<\/p>\n\t\t\t\t\t\t\t\t<\/div>\n\t\t\t\t\t<\/div>\n\t\t\t\t<\/div>\n\t\t<div class=\"elementor-element elementor-element-d0ea454 e-flex e-con-boxed e-con e-parent\" data-id=\"d0ea454\" data-element_type=\"container\" data-e-type=\"container\" data-settings=\"{&quot;background_background&quot;:&quot;classic&quot;}\">\n\t\t\t\t\t<div class=\"e-con-inner\">\n\t\t\t\t<div class=\"elementor-element elementor-element-b7cce8f elementor-widget elementor-widget-heading\" data-id=\"b7cce8f\" data-element_type=\"widget\" data-e-type=\"widget\" data-widget_type=\"heading.default\">\n\t\t\t\t\t<h2 class=\"elementor-heading-title elementor-size-default\">Otvorene pozicije<\/h2>\t\t\t\t<\/div>\n\t\t\t\t<div class=\"elementor-element elementor-element-4ae6274 e-n-tabs-mobile elementor-widget elementor-widget-n-tabs\" data-id=\"4ae6274\" data-element_type=\"widget\" data-e-type=\"widget\" data-settings=\"{&quot;tabs_justify_horizontal&quot;:&quot;start&quot;,&quot;horizontal_scroll&quot;:&quot;disable&quot;}\" data-widget_type=\"nested-tabs.default\">\n\t\t\t\t\t\t\t<div class=\"e-n-tabs\" data-widget-number=\"78537332\" aria-label=\"Kartice. Otvorite stavke pritiskom na Enter ili Space, zatvorite ih pritiskom na Escape i navigaciju koristite strelice.\">\n\t\t\t<div class=\"e-n-tabs-heading\" role=\"tablist\">\n\t\t\t\t\t<button id=\"e-n-tab-title-785373321\" data-tab-title-id=\"e-n-tab-title-785373321\" class=\"e-n-tab-title\" aria-selected=\"true\" data-tab-index=\"1\" role=\"tab\" tabindex=\"0\" aria-controls=\"e-n-tab-content-785373321\" style=\"--n-tabs-title-order: 1;\">\n\t\t\t\t\t\t<span class=\"e-n-tab-title-text\">\n\t\t\t\tVi\u0161i saradnik\t\t\t<\/span>\n\t\t<\/button>\n\t\t\t\t<button id=\"e-n-tab-title-785373322\" data-tab-title-id=\"e-n-tab-title-785373322\" class=\"e-n-tab-title\" aria-selected=\"false\" data-tab-index=\"2\" role=\"tab\" tabindex=\"-1\" aria-controls=\"e-n-tab-content-785373322\" style=\"--n-tabs-title-order: 2;\">\n\t\t\t\t\t\t<span class=\"e-n-tab-title-text\">\n\t\t\t\tMla\u0111i saradnik\t\t\t<\/span>\n\t\t<\/button>\n\t\t\t\t\t<\/div>\n\t\t\t<div class=\"e-n-tabs-content\">\n\t\t\t\t<div id=\"e-n-tab-content-785373321\" role=\"tabpanel\" aria-labelledby=\"e-n-tab-title-785373321\" data-tab-index=\"1\" style=\"--n-tabs-title-order: 1;\" class=\"e-active elementor-element elementor-element-d0081bb e-con-full e-flex e-con e-child\" data-id=\"d0081bb\" data-element_type=\"container\" data-e-type=\"container\" data-settings=\"{&quot;background_background&quot;:&quot;classic&quot;}\">\n\t\t\t\t<div class=\"elementor-element elementor-element-41bb2b5 elementor-widget elementor-widget-text-editor\" data-id=\"41bb2b5\" data-element_type=\"widget\" data-e-type=\"widget\" data-widget_type=\"text-editor.default\">\n\t\t\t\t\t\t\t\t\t<p>Tra\u017eimo <b>vi\u0161eg saradnika<\/b> za rad u na\u0161oj kancelariji u Beogradu.<\/p>\n<p>Nudimo vam priliku da radite na slo\u017eenim projektima, uz pru\u017eanje usluga kako stranim, tako i doma\u0107im klijentima.<\/p>\n<p>Kandidati za poziciju vi\u0161eg saradnika treba da ispunjavaju slede\u0107e uslove:<\/p>\n<ul>\n<li>Polo\u017een pravosudni ispit;<\/li>\n<li>Visok nivo znanja engleskog jezika (usmeno i pismeno);<\/li>\n<li>Visok nivo ra\u010dunarske pismenosti (MS Office) i odli\u010dno poznavanje rada na ra\u010dunaru (Word i Excel \u2013 formatiranje dokumenata, kori\u0161\u0107enje e-maila, rad sa tabelama u Excelu i sl.);<\/li>\n<li>Visok nivo radne etike;<\/li>\n<li>Ve\u0161tine pravnog istra\u017eivanja;<\/li>\n<li>Po\u017eeljno iskustvo u zastupanju klijenata pred sudovima, odnosno u parni\u010dnim, izvr\u0161nim i upravnim postupcima.<\/li>\n<\/ul>\n<p>Kandidati koji budu pozvani na razgovor radi\u0107e test iz engleskog jezika na B2 nivou.<\/p>\n<p>Prijave kandidata koji ne ispunjavaju navedene uslove ne\u0107e biti razmatrane.<\/p>\n\t\t\t\t\t\t\t\t<\/div>\n\t\t\t\t<\/div>\n\t\t<div id=\"e-n-tab-content-785373322\" role=\"tabpanel\" aria-labelledby=\"e-n-tab-title-785373322\" data-tab-index=\"2\" style=\"--n-tabs-title-order: 2;\" class=\" elementor-element elementor-element-2583cb7 e-con-full e-flex e-con e-child\" data-id=\"2583cb7\" data-element_type=\"container\" data-e-type=\"container\" data-settings=\"{&quot;background_background&quot;:&quot;classic&quot;}\">\n\t\t\t\t<div class=\"elementor-element elementor-element-2025173 elementor-widget elementor-widget-text-editor\" data-id=\"2025173\" data-element_type=\"widget\" data-e-type=\"widget\" data-widget_type=\"text-editor.default\">\n\t\t\t\t\t\t\t\t\t<p>Tra\u017eimo mla\u0111eg saradnika koji \u0107e se pridru\u017eiti na\u0161em timu.<\/p>\n<p>\u0160TA NUDIMO<\/p>\n<p><strong>Praksu u slede\u0107im oblastima:<\/strong><\/p>\n<ul>\n<li>Gra\u0111ansko pravo<\/li>\n<li>Privredno pravo<\/li>\n<li>Radno pravo<\/li>\n<li>Upravno pravo<\/li>\n<\/ul>\n<p>Rad na svim vrstama sudskih i vansudskih postupaka kroz \u0161irok spektar predmeta iz oblasti gra\u0111anskog prava, radnih odnosa, izrade ugovora, kao i u\u010de\u0161\u0107e na velikim projektima.<\/p>\n<p>Mo\u017eete o\u010dekivati:<\/p>\n<ul>\n<li>Priliku za rad uz mentora u mladom i dinami\u010dnom okru\u017eenju<\/li>\n<li>Sticanje znanja i ve\u0161tina kroz program obuke i razvoja mladih talenata<\/li>\n<li>Razvoj komunikacionih i retori\u010dkih ve\u0161tina<\/li>\n<li>Dobre osnove za izgradnju uspe\u0161ne pravne karijere<\/li>\n<li>Bonuse<\/li>\n<\/ul>\n<p>\u0160TA O\u010cEKUJEMO<\/p>\n<p><strong>Uslovi za prijavu:<\/strong><\/p>\n<ul>\n<li>Zavr\u0161en Pravni fakultet<\/li>\n<li>Poznavanje engleskog jezika<\/li>\n<li>Obavezno poznavanje Microsoft Office programa (Word i Excel)<\/li>\n<li>Poznavanje italijanskog, ruskog i\/ili nema\u010dkog jezika predstavlja prednost<\/li>\n<\/ul>\n<p><strong>Cenimo slede\u0107e osobine i ve\u0161tine:<\/strong><\/p>\n<ul>\n<li>Brzo usvajanje znanja<\/li>\n<li>Spretnost i fleksibilnost u radu<\/li>\n<li>Sistemati\u010dnost<\/li>\n<li>Proaktivan pristup radu<\/li>\n<li>Kreativno razmi\u0161ljanje<\/li>\n<\/ul>\n<p>Bi\u0107e kontaktirani samo kandidati koji u\u0111u u u\u017ei izbor. Sve prijave bi\u0107e tretirane uz potpunu poverljivost.<\/p>\n\t\t\t\t\t\t\t\t<\/div>\n\t\t\t\t<\/div>\n\t\t\t\t\t<\/div>\n\t\t<\/div>\n\t\t\t\t\t\t<\/div>\n\t\t\t\t\t<\/div>\n\t\t\t\t<\/div>\n\t\t<div class=\"elementor-element elementor-element-5d09eed e-flex e-con-boxed e-con e-parent\" data-id=\"5d09eed\" data-element_type=\"container\" data-e-type=\"container\" id=\"form\">\n\t\t\t\t\t<div class=\"e-con-inner\">\n\t\t\t\t<div class=\"elementor-element elementor-element-7efe803 elementor-button-align-start elementor-widget elementor-widget-form\" data-id=\"7efe803\" data-element_type=\"widget\" data-e-type=\"widget\" data-settings=\"{&quot;step_next_label&quot;:&quot;Slede\\u0107e&quot;,&quot;step_previous_label&quot;:&quot;Prethodno&quot;,&quot;button_width&quot;:&quot;100&quot;,&quot;step_type&quot;:&quot;number_text&quot;,&quot;step_icon_shape&quot;:&quot;circle&quot;}\" data-widget_type=\"form.default\">\n\t\t\t\t\t\t\t<form class=\"elementor-form\" method=\"post\" name=\"IVVK - Karijera\" aria-label=\"IVVK - Karijera\">\n\t\t\t<input type=\"hidden\" name=\"post_id\" value=\"3073\"\/>\n\t\t\t<input type=\"hidden\" name=\"form_id\" value=\"7efe803\"\/>\n\t\t\t<input type=\"hidden\" name=\"referer_title\" value=\"\" \/>\n\n\t\t\t\n\t\t\t<div class=\"elementor-form-fields-wrapper elementor-labels-above\">\n\t\t\t\t\t\t\t\t<div class=\"elementor-field-type-text elementor-field-group elementor-column elementor-field-group-first_name elementor-col-50 elementor-field-required elementor-mark-required\">\n\t\t\t\t\t\t\t\t\t\t\t\t<label for=\"form-field-first_name\" class=\"elementor-field-label\">\n\t\t\t\t\t\t\t\tIme\t\t\t\t\t\t\t<\/label>\n\t\t\t\t\t\t\t\t\t\t\t\t\t\t<input size=\"1\" type=\"text\" name=\"form_fields[first_name]\" id=\"form-field-first_name\" class=\"elementor-field elementor-size-sm  elementor-field-textual\" required=\"required\">\n\t\t\t\t\t\t\t\t\t\t\t<\/div>\n\t\t\t\t\t\t\t\t<div class=\"elementor-field-type-text elementor-field-group elementor-column elementor-field-group-last_name elementor-col-50 elementor-field-required elementor-mark-required\">\n\t\t\t\t\t\t\t\t\t\t\t\t<label for=\"form-field-last_name\" class=\"elementor-field-label\">\n\t\t\t\t\t\t\t\tPrezime\t\t\t\t\t\t\t<\/label>\n\t\t\t\t\t\t\t\t\t\t\t\t\t\t<input size=\"1\" type=\"text\" name=\"form_fields[last_name]\" id=\"form-field-last_name\" class=\"elementor-field elementor-size-sm  elementor-field-textual\" required=\"required\">\n\t\t\t\t\t\t\t\t\t\t\t<\/div>\n\t\t\t\t\t\t\t\t<div class=\"elementor-field-type-text elementor-field-group elementor-column elementor-field-group-email elementor-col-50 elementor-field-required elementor-mark-required\">\n\t\t\t\t\t\t\t\t\t\t\t\t<label for=\"form-field-email\" class=\"elementor-field-label\">\n\t\t\t\t\t\t\t\tEmail adresa\t\t\t\t\t\t\t<\/label>\n\t\t\t\t\t\t\t\t\t\t\t\t\t\t<input size=\"1\" type=\"text\" name=\"form_fields[email]\" id=\"form-field-email\" class=\"elementor-field elementor-size-sm  elementor-field-textual\" required=\"required\">\n\t\t\t\t\t\t\t\t\t\t\t<\/div>\n\t\t\t\t\t\t\t\t<div class=\"elementor-field-type-tel elementor-field-group elementor-column elementor-field-group-phone elementor-col-50\">\n\t\t\t\t\t\t\t\t\t\t\t\t<label for=\"form-field-phone\" class=\"elementor-field-label\">\n\t\t\t\t\t\t\t\tBroj telefona\t\t\t\t\t\t\t<\/label>\n\t\t\t\t\t\t\t\t<input size=\"1\" type=\"tel\" name=\"form_fields[phone]\" id=\"form-field-phone\" class=\"elementor-field elementor-size-sm  elementor-field-textual\" pattern=\"[0-9()#&amp;+*-=.]+\" title=\"Only numbers and phone characters (#, -, *, etc) are accepted.\">\n\n\t\t\t\t\t\t<\/div>\n\t\t\t\t\t\t\t\t<div class=\"elementor-field-type-select elementor-field-group elementor-column elementor-field-group-position elementor-col-50 elementor-field-required elementor-mark-required\">\n\t\t\t\t\t\t\t\t\t\t\t\t<label for=\"form-field-position\" class=\"elementor-field-label\">\n\t\t\t\t\t\t\t\tPozicija za koju se prijavljujete\t\t\t\t\t\t\t<\/label>\n\t\t\t\t\t\t\t\t<div class=\"elementor-field elementor-select-wrapper remove-before \">\n\t\t\t<div class=\"select-caret-down-wrapper\">\n\t\t\t\t<svg aria-hidden=\"true\" class=\"e-font-icon-svg e-eicon-caret-down\" viewBox=\"0 0 571.4 571.4\" xmlns=\"http:\/\/www.w3.org\/2000\/svg\"><path d=\"M571 393Q571 407 561 418L311 668Q300 679 286 679T261 668L11 418Q0 407 0 393T11 368 36 357H536Q550 357 561 368T571 393Z\"><\/path><\/svg>\t\t\t<\/div>\n\t\t\t<select name=\"form_fields[position]\" id=\"form-field-position\" class=\"elementor-field-textual elementor-size-sm\" required=\"required\">\n\t\t\t\t\t\t\t\t\t<option value=\" Vi\u0161i saradnik\">Vi\u0161i saradnik <\/option>\n\t\t\t\t\t\t\t\t\t<option value=\" Mla\u0111i saradnik\">Mla\u0111i saradnik <\/option>\n\t\t\t\t\t\t\t<\/select>\n\t\t<\/div>\n\t\t\t\t\t\t<\/div>\n\t\t\t\t\t\t\t\t<div class=\"elementor-field-type-upload elementor-field-group elementor-column elementor-field-group-cv elementor-col-50 elementor-field-required elementor-mark-required\">\n\t\t\t\t\t\t\t\t\t\t\t\t<label for=\"form-field-cv\" class=\"elementor-field-label\">\n\t\t\t\t\t\t\t\tDodajte svoj CV\t\t\t\t\t\t\t<\/label>\n\t\t\t\t\t\t\t\t<input type=\"file\" name=\"form_fields[cv]\" id=\"form-field-cv\" class=\"elementor-field elementor-size-sm  elementor-upload-field\" required=\"required\" data-maxsize=\"10\" data-maxsize-message=\"This file exceeds the maximum allowed size.\">\n\n\t\t\t\t\t\t<\/div>\n\t\t\t\t\t\t\t\t<div class=\"elementor-field-type-textarea elementor-field-group elementor-column elementor-field-group-cover_letter elementor-col-100 elementor-field-required elementor-mark-required\">\n\t\t\t\t\t\t\t\t\t\t\t\t<label for=\"form-field-cover_letter\" class=\"elementor-field-label\">\n\t\t\t\t\t\t\t\tMotivaciono pismo\t\t\t\t\t\t\t<\/label>\n\t\t\t\t\t\t<textarea class=\"elementor-field-textual elementor-field  elementor-size-sm\" name=\"form_fields[cover_letter]\" id=\"form-field-cover_letter\" rows=\"4\" required=\"required\"><\/textarea>\t\t\t\t<\/div>\n\t\t\t\t\t\t\t\t<div class=\"elementor-field-type-checkbox elementor-field-group elementor-column elementor-field-group-field_fc65c9f elementor-col-100\">\n\t\t\t\t\t<div class=\"elementor-field-subgroup  \"><span class=\"elementor-field-option\"><input type=\"checkbox\" value=\"Saglasan\/na sam sa obradom mojih li\u010dnih podataka u svrhu zapo\u0161ljavanja.\" id=\"form-field-field_fc65c9f-0\" name=\"form_fields[field_fc65c9f]\"> <label for=\"form-field-field_fc65c9f-0\">Saglasan\/na sam sa obradom mojih li\u010dnih podataka u svrhu zapo\u0161ljavanja.<\/label><\/span><\/div>\t\t\t\t<\/div>\n\t\t\t\t\t\t\t\t<div class=\"elementor-field-type-recaptcha_v3 elementor-field-group elementor-column elementor-field-group-recaptcha elementor-col-100 recaptcha_v3-bottomright\">\n\t\t\t\t\t<div class=\"elementor-field\" id=\"form-field-recaptcha\"><div class=\"elementor-g-recaptcha\" data-sitekey=\"6LezdL4rAAAAAMwrEw0kiFTQI8MOTNQZ4et8R0v2\" data-type=\"v3\" data-action=\"Form\" data-badge=\"bottomright\" data-size=\"invisible\"><\/div><\/div>\t\t\t\t<\/div>\n\t\t\t\t\t\t\t\t<div class=\"elementor-field-group elementor-column elementor-field-type-submit elementor-col-100 e-form__buttons\">\n\t\t\t\t\t<button class=\"elementor-button elementor-size-sm\" type=\"submit\">\n\t\t\t\t\t\t<span class=\"elementor-button-content-wrapper\">\n\t\t\t\t\t\t\t\t\t\t\t\t\t\t\t\t\t\t\t\t\t\t<span class=\"elementor-button-text\">Po\u0161alji<\/span>\n\t\t\t\t\t\t\t\t\t\t\t\t\t<\/span>\n\t\t\t\t\t<\/button>\n\t\t\t\t<\/div>\n\t\t\t<\/div>\n\t\t<\/form>\n\t\t\t\t\t\t<\/div>\n\t\t\t\t\t<\/div>\n\t\t\t\t<\/div>\n\t\t\t\t<\/div>\n\t\t","protected":false},"excerpt":{"rendered":"<p>Karijera IVVK Lawyers Mi smo dinami\u010dna, progresivna i vode\u0107a advokatska kancelarija koja pru\u017ea pravne usluge kako na nacionalnom, tako i na me\u0111unarodnom nivou, sara\u0111uju\u0107i sa klijentima u \u0161irokom spektru pravnih oblasti. Na\u0161i advokati imaju \u0161iroku perspektivu i temeljno razumevanje kako prava, tako i poslovanja, pokrivaju\u0107i veliki broj pravnih oblasti. Upravo zato na\u0161 tim predstavlja odli\u010dno [&hellip;]<\/p>\n","protected":false},"author":1,"featured_media":0,"parent":0,"menu_order":0,"comment_status":"closed","ping_status":"closed","template":"","meta":{"_acf_changed":false,"footnotes":""},"coauthors":[28],"class_list":["post-3073","page","type-page","status-publish","hentry"],"acf":[],"_links":{"self":[{"href":"https:\/\/ivvk.rs\/sr\/wp-json\/wp\/v2\/pages\/3073","targetHints":{"allow":["GET"]}}],"collection":[{"href":"https:\/\/ivvk.rs\/sr\/wp-json\/wp\/v2\/pages"}],"about":[{"href":"https:\/\/ivvk.rs\/sr\/wp-json\/wp\/v2\/types\/page"}],"author":[{"embeddable":true,"href":"https:\/\/ivvk.rs\/sr\/wp-json\/wp\/v2\/users\/1"}],"replies":[{"embeddable":true,"href":"https:\/\/ivvk.rs\/sr\/wp-json\/wp\/v2\/comments?post=3073"}],"version-history":[{"count":1,"href":"https:\/\/ivvk.rs\/sr\/wp-json\/wp\/v2\/pages\/3073\/revisions"}],"predecessor-version":[{"id":3074,"href":"https:\/\/ivvk.rs\/sr\/wp-json\/wp\/v2\/pages\/3073\/revisions\/3074"}],"wp:attachment":[{"href":"https:\/\/ivvk.rs\/sr\/wp-json\/wp\/v2\/media?parent=3073"}],"wp:term":[{"taxonomy":"author","embeddable":true,"href":"https:\/\/ivvk.rs\/sr\/wp-json\/wp\/v2\/coauthors?post=3073"}],"curies":[{"name":"wp","href":"https:\/\/api.w.org\/{rel}","templated":true}]}}