{"id":3007,"date":"2025-05-10T11:01:55","date_gmt":"2025-05-10T11:01:55","guid":{"rendered":"https:\/\/ivvk.rs\/finansijske-institucije\/"},"modified":"2026-03-21T18:32:14","modified_gmt":"2026-03-21T18:32:14","slug":"finansijske-institucije","status":"publish","type":"page","link":"https:\/\/ivvk.rs\/sr\/ekspertize\/finansijske-institucije\/","title":{"rendered":"Finansijske institucije"},"content":{"rendered":"\t\t<div data-elementor-type=\"wp-page\" data-elementor-id=\"3007\" class=\"elementor elementor-3007 elementor-72\" data-elementor-post-type=\"page\">\n\t\t\t\t<div class=\"elementor-element elementor-element-3aa458d9 e-flex e-con-boxed e-con e-parent\" data-id=\"3aa458d9\" data-element_type=\"container\" data-e-type=\"container\" data-settings=\"{&quot;background_background&quot;:&quot;classic&quot;}\">\n\t\t\t\t\t<div class=\"e-con-inner\">\n\t\t\t\t<div class=\"elementor-element elementor-element-492adddb elementor-widget elementor-widget-heading\" data-id=\"492adddb\" data-element_type=\"widget\" data-e-type=\"widget\" data-widget_type=\"heading.default\">\n\t\t\t\t\t<h1 class=\"elementor-heading-title elementor-size-default\">Finansijske institucije<\/h1>\t\t\t\t<\/div>\n\t\t\t\t<div class=\"elementor-element elementor-element-21d0df93 elementor-widget elementor-widget-shortcode\" data-id=\"21d0df93\" data-element_type=\"widget\" data-e-type=\"widget\" data-widget_type=\"shortcode.default\">\n\t\t\t\t\t\t\t<div class=\"elementor-shortcode\"><nav aria-label=\"breadcrumbs\" class=\"rank-math-breadcrumb\"><p><span class=\"last\">Po\u010detna<\/span><\/p><\/nav><\/div>\n\t\t\t\t\t\t<\/div>\n\t\t\t\t\t<\/div>\n\t\t\t\t<\/div>\n\t\t<div class=\"elementor-element elementor-element-3b5e4922 e-flex e-con-boxed e-con e-parent\" data-id=\"3b5e4922\" data-element_type=\"container\" data-e-type=\"container\">\n\t\t\t\t\t<div class=\"e-con-inner\">\n\t\t<div class=\"elementor-element elementor-element-7787feab e-con-full e-flex e-con e-child\" data-id=\"7787feab\" data-element_type=\"container\" data-e-type=\"container\">\n\t\t\t\t<div class=\"elementor-element elementor-element-24088254 elementor-widget elementor-widget-image\" data-id=\"24088254\" data-element_type=\"widget\" data-e-type=\"widget\" data-widget_type=\"image.default\">\n\t\t\t\t\t\t\t\t\t\t\t\t\t\t\t<img fetchpriority=\"high\" decoding=\"async\" width=\"800\" height=\"640\" src=\"https:\/\/ivvk.rs\/wp-content\/uploads\/2025\/08\/IVVK-Lawyers-Financial-Institutions.webp\" class=\"attachment-large size-large wp-image-3006\" alt=\"IVVK Lawyers \u2013 Finansijske institucije\" srcset=\"https:\/\/ivvk.rs\/wp-content\/uploads\/2025\/08\/IVVK-Lawyers-Financial-Institutions.webp 1000w, https:\/\/ivvk.rs\/wp-content\/uploads\/2025\/08\/IVVK-Lawyers-Financial-Institutions-300x240.webp 300w, https:\/\/ivvk.rs\/wp-content\/uploads\/2025\/08\/IVVK-Lawyers-Financial-Institutions-768x614.webp 768w\" sizes=\"(max-width: 800px) 100vw, 800px\" \/>\t\t\t\t\t\t\t\t\t\t\t\t\t\t\t<\/div>\n\t\t\t\t<div class=\"elementor-element elementor-element-2f2c18a5 elementor-widget elementor-widget-text-editor\" data-id=\"2f2c18a5\" data-element_type=\"widget\" data-e-type=\"widget\" data-widget_type=\"text-editor.default\">\n\t\t\t\t\t\t\t\t\t<p>U IVVK razumemo kako tehnologija menja finansijske usluge i dovodi u pitanje tradicionalne modele. Na\u0161 tim je u potpunosti u toku sa razvojem finansijskog prava i spreman je da proaktivno savetuje klijente, poma\u017eu\u0107i im da predvide i upravljaju rizicima u ovom dinami\u010dnom okru\u017eenju.<\/p>\n<p>IVVK pru\u017ea stru\u010dne pravne savete u celokupnom finansijskom sektoru. Na\u0161i advokati imaju bogato iskustvo u oblasti FinTech-a, investicionog bankarstva, upravljanja imovinom, infrastrukture, kao i u savetovanju svih vrsta zajmodavaca i posrednika, kako na lokalnom, tako i na me\u0111unarodnom nivou.<\/p>\n<p>Pioniri smo u osnivanju alternativnih investicionih fondova prema novom zakonodavnom okviru u Srbiji i imamo sna\u017enu saradnju sa Komisijom za hartije od vrednosti Srbije. Na\u0161 tim tako\u0111e poseduje zna\u010dajno iskustvo u M&amp;A transakcijama u finansijskom sektoru, kao i odli\u010dne poslovne odnose sa Narodnom bankom Srbije i klju\u010dnim akterima na balkanskom tr\u017ei\u0161tu.<\/p>\n<p>Pru\u017eamo podr\u0161ku klijentima u akvizicijama, lansiranju proizvoda, regulatornim reformama, za\u0161titi intelektualne svojine i patenata, pitanjima konkurencije i bankarstva, obezbe\u0111uju\u0107i da budu informisani i za\u0161ti\u0107eni u svakom koraku.<\/p>\n<p>Na\u0161e oblasti ekspertize obuhvataju:<\/p>\n<ul>\n<li>Bankarstvo<\/li>\n<li>Fondove<\/li>\n<li>FinTech<\/li>\n<li>Osiguranje<\/li>\n<\/ul>\n<p>Jedan od \u010dlanova na\u0161eg tima stoji vam na raspolaganju za sva pitanja u vezi sa finansijskim ulaganjima.<\/p>\n\t\t\t\t\t\t\t\t<\/div>\n\t\t\t\t<\/div>\n\t\t<div class=\"elementor-element elementor-element-19967585 e-con-full e-flex e-con e-child\" data-id=\"19967585\" data-element_type=\"container\" data-e-type=\"container\">\n\t\t<div class=\"elementor-element elementor-element-38b89760 e-con-full e-flex e-con e-child\" data-id=\"38b89760\" data-element_type=\"container\" data-e-type=\"container\" data-settings=\"{&quot;background_background&quot;:&quot;classic&quot;,&quot;sticky&quot;:&quot;top&quot;,&quot;sticky_offset&quot;:100,&quot;sticky_parent&quot;:&quot;yes&quot;,&quot;sticky_on&quot;:[&quot;desktop&quot;,&quot;tablet&quot;,&quot;mobile&quot;],&quot;sticky_effects_offset&quot;:0,&quot;sticky_anchor_link_offset&quot;:0}\">\n\t\t\t\t<div class=\"elementor-element elementor-element-d877166 elementor-widget elementor-widget-heading\" data-id=\"d877166\" data-element_type=\"widget\" data-e-type=\"widget\" data-widget_type=\"heading.default\">\n\t\t\t\t\t<h2 class=\"elementor-heading-title elementor-size-default\"><a href=\"https:\/\/ivvk.rs\/sr\/ekspertize\/#industries\">Industrije<\/a><\/h2>\t\t\t\t<\/div>\n\t\t\t\t<div class=\"elementor-element elementor-element-37d5ee49 elementor-widget-divider--view-line elementor-widget elementor-widget-divider\" data-id=\"37d5ee49\" data-element_type=\"widget\" data-e-type=\"widget\" data-widget_type=\"divider.default\">\n\t\t\t\t\t\t\t<div class=\"elementor-divider\">\n\t\t\t<span class=\"elementor-divider-separator\">\n\t\t\t\t\t\t<\/span>\n\t\t<\/div>\n\t\t\t\t\t\t<\/div>\n\t\t\t\t<div class=\"elementor-element elementor-element-4ecdc5ea elementor-nav-menu--dropdown-none elementor-widget elementor-widget-nav-menu\" data-id=\"4ecdc5ea\" data-element_type=\"widget\" data-e-type=\"widget\" data-settings=\"{&quot;layout&quot;:&quot;vertical&quot;,&quot;submenu_icon&quot;:{&quot;value&quot;:&quot;&lt;svg aria-hidden=\\&quot;true\\&quot; class=\\&quot;e-font-icon-svg e-fas-caret-down\\&quot; viewBox=\\&quot;0 0 320 512\\&quot; xmlns=\\&quot;http:\\\/\\\/www.w3.org\\\/2000\\\/svg\\&quot;&gt;&lt;path d=\\&quot;M31.3 192h257.3c17.8 0 26.7 21.5 14.1 34.1L174.1 354.8c-7.8 7.8-20.5 7.8-28.3 0L17.2 226.1C4.6 213.5 13.5 192 31.3 192z\\&quot;&gt;&lt;\\\/path&gt;&lt;\\\/svg&gt;&quot;,&quot;library&quot;:&quot;fa-solid&quot;}}\" data-widget_type=\"nav-menu.default\">\n\t\t\t\t\t\t\t\t<nav aria-label=\"Menu\" class=\"elementor-nav-menu--main elementor-nav-menu__container elementor-nav-menu--layout-vertical e--pointer-underline e--animation-fade\">\n\t\t\t\t<ul id=\"menu-1-4ecdc5ea\" class=\"elementor-nav-menu sm-vertical\"><li class=\"menu-item menu-item-type-post_type menu-item-object-page menu-item-334\"><a href=\"https:\/\/ivvk.rs\/expertises\/energy-and-natural-resources\/\" class=\"elementor-item\">Energetika i prirodni resursi<\/a><\/li>\n<li class=\"menu-item menu-item-type-post_type menu-item-object-page menu-item-335\"><a href=\"https:\/\/ivvk.rs\/expertises\/financial-institutions\/\" class=\"elementor-item\">Finansijske institucije<\/a><\/li>\n<li class=\"menu-item menu-item-type-post_type menu-item-object-page menu-item-333\"><a href=\"https:\/\/ivvk.rs\/expertises\/construction\/\" class=\"elementor-item\">Gra\u0111evinarstvo<\/a><\/li>\n<li class=\"menu-item menu-item-type-post_type menu-item-object-page menu-item-336\"><a href=\"https:\/\/ivvk.rs\/expertises\/healthcare-and-pharmaceuticals\/\" class=\"elementor-item\">Zdravstvo i farmaceutska industrija<\/a><\/li>\n<li class=\"menu-item menu-item-type-post_type menu-item-object-page menu-item-337\"><a href=\"https:\/\/ivvk.rs\/expertises\/hospitality-leisure-and-tourism\/\" class=\"elementor-item\">Ugostiteljstvo, slobodno vreme i turizam<\/a><\/li>\n<li class=\"menu-item menu-item-type-post_type menu-item-object-page menu-item-338\"><a href=\"https:\/\/ivvk.rs\/expertises\/infrastructure-and-transport\/\" class=\"elementor-item\">Infrastruktura i transport<\/a><\/li>\n<\/ul>\t\t\t<\/nav>\n\t\t\t\t\t\t<nav class=\"elementor-nav-menu--dropdown elementor-nav-menu__container\" aria-hidden=\"true\">\n\t\t\t\t<ul id=\"menu-2-4ecdc5ea\" class=\"elementor-nav-menu sm-vertical\"><li class=\"menu-item menu-item-type-post_type menu-item-object-page menu-item-334\"><a href=\"https:\/\/ivvk.rs\/expertises\/energy-and-natural-resources\/\" class=\"elementor-item\" tabindex=\"-1\">Energetika i prirodni resursi<\/a><\/li>\n<li class=\"menu-item menu-item-type-post_type menu-item-object-page menu-item-335\"><a href=\"https:\/\/ivvk.rs\/expertises\/financial-institutions\/\" class=\"elementor-item\" tabindex=\"-1\">Finansijske institucije<\/a><\/li>\n<li class=\"menu-item menu-item-type-post_type menu-item-object-page menu-item-333\"><a href=\"https:\/\/ivvk.rs\/expertises\/construction\/\" class=\"elementor-item\" tabindex=\"-1\">Gra\u0111evinarstvo<\/a><\/li>\n<li class=\"menu-item menu-item-type-post_type menu-item-object-page menu-item-336\"><a href=\"https:\/\/ivvk.rs\/expertises\/healthcare-and-pharmaceuticals\/\" class=\"elementor-item\" tabindex=\"-1\">Zdravstvo i farmaceutska industrija<\/a><\/li>\n<li class=\"menu-item menu-item-type-post_type menu-item-object-page menu-item-337\"><a href=\"https:\/\/ivvk.rs\/expertises\/hospitality-leisure-and-tourism\/\" class=\"elementor-item\" tabindex=\"-1\">Ugostiteljstvo, slobodno vreme i turizam<\/a><\/li>\n<li class=\"menu-item menu-item-type-post_type menu-item-object-page menu-item-338\"><a href=\"https:\/\/ivvk.rs\/expertises\/infrastructure-and-transport\/\" class=\"elementor-item\" tabindex=\"-1\">Infrastruktura i transport<\/a><\/li>\n<\/ul>\t\t\t<\/nav>\n\t\t\t\t\t\t<\/div>\n\t\t\t\t<\/div>\n\t\t\t\t<\/div>\n\t\t\t\t\t<\/div>\n\t\t\t\t<\/div>\n\t\t<div class=\"elementor-element elementor-element-2426df78 e-flex e-con-boxed e-con e-parent\" data-id=\"2426df78\" data-element_type=\"container\" data-e-type=\"container\" data-settings=\"{&quot;background_background&quot;:&quot;classic&quot;}\">\n\t\t\t\t\t<div class=\"e-con-inner\">\n\t\t\t\t<div class=\"elementor-element elementor-element-60f79deb elementor-grid-3 elementor-grid-tablet-2 elementor-grid-mobile-1 elementor-widget elementor-widget-loop-grid\" data-id=\"60f79deb\" data-element_type=\"widget\" data-e-type=\"widget\" data-settings=\"{&quot;template_id&quot;:3255,&quot;_skin&quot;:&quot;post&quot;,&quot;columns&quot;:&quot;3&quot;,&quot;columns_tablet&quot;:&quot;2&quot;,&quot;columns_mobile&quot;:&quot;1&quot;,&quot;edit_handle_selector&quot;:&quot;[data-elementor-type=\\&quot;loop-item\\&quot;]&quot;,&quot;row_gap&quot;:{&quot;unit&quot;:&quot;px&quot;,&quot;size&quot;:&quot;&quot;,&quot;sizes&quot;:[]},&quot;row_gap_tablet&quot;:{&quot;unit&quot;:&quot;px&quot;,&quot;size&quot;:&quot;&quot;,&quot;sizes&quot;:[]},&quot;row_gap_mobile&quot;:{&quot;unit&quot;:&quot;px&quot;,&quot;size&quot;:&quot;&quot;,&quot;sizes&quot;:[]}}\" data-widget_type=\"loop-grid.post\">\n\t\t\t\t<div class=\"elementor-widget-container\">\n\t\t\t\t\t\t\t<div class=\"e-loop-nothing-found-message\">\n\t\t<\/div>\n\t\t\t\t\t\t<\/div>\n\t\t\t\t<\/div>\n\t\t\t\t\t<\/div>\n\t\t\t\t<\/div>\n\t\t\t\t<\/div>\n\t\t","protected":false},"excerpt":{"rendered":"<p>Finansijske institucije U IVVK razumemo kako tehnologija menja finansijske usluge i dovodi u pitanje tradicionalne modele. Na\u0161 tim je u potpunosti u toku sa razvojem finansijskog prava i spreman je da proaktivno savetuje klijente, poma\u017eu\u0107i im da predvide i upravljaju rizicima u ovom dinami\u010dnom okru\u017eenju. IVVK pru\u017ea stru\u010dne pravne savete u celokupnom finansijskom sektoru. Na\u0161i [&hellip;]<\/p>\n","protected":false},"author":1,"featured_media":0,"parent":3011,"menu_order":0,"comment_status":"closed","ping_status":"closed","template":"","meta":{"_acf_changed":false,"footnotes":""},"coauthors":[28],"class_list":["post-3007","page","type-page","status-publish","hentry"],"acf":[],"_links":{"self":[{"href":"https:\/\/ivvk.rs\/sr\/wp-json\/wp\/v2\/pages\/3007","targetHints":{"allow":["GET"]}}],"collection":[{"href":"https:\/\/ivvk.rs\/sr\/wp-json\/wp\/v2\/pages"}],"about":[{"href":"https:\/\/ivvk.rs\/sr\/wp-json\/wp\/v2\/types\/page"}],"author":[{"embeddable":true,"href":"https:\/\/ivvk.rs\/sr\/wp-json\/wp\/v2\/users\/1"}],"replies":[{"embeddable":true,"href":"https:\/\/ivvk.rs\/sr\/wp-json\/wp\/v2\/comments?post=3007"}],"version-history":[{"count":2,"href":"https:\/\/ivvk.rs\/sr\/wp-json\/wp\/v2\/pages\/3007\/revisions"}],"predecessor-version":[{"id":3022,"href":"https:\/\/ivvk.rs\/sr\/wp-json\/wp\/v2\/pages\/3007\/revisions\/3022"}],"up":[{"embeddable":true,"href":"https:\/\/ivvk.rs\/sr\/wp-json\/wp\/v2\/pages\/3011"}],"wp:attachment":[{"href":"https:\/\/ivvk.rs\/sr\/wp-json\/wp\/v2\/media?parent=3007"}],"wp:term":[{"taxonomy":"author","embeddable":true,"href":"https:\/\/ivvk.rs\/sr\/wp-json\/wp\/v2\/coauthors?post=3007"}],"curies":[{"name":"wp","href":"https:\/\/api.w.org\/{rel}","templated":true}]}}