{"id":3001,"date":"2025-05-10T11:02:24","date_gmt":"2025-05-10T11:02:24","guid":{"rendered":"https:\/\/ivvk.rs\/ugostiteljstvo-slobodno-vreme-i-turizam\/"},"modified":"2026-03-21T18:32:14","modified_gmt":"2026-03-21T18:32:14","slug":"ugostiteljstvo-slobodno-vreme-i-turizam","status":"publish","type":"page","link":"https:\/\/ivvk.rs\/sr\/ekspertize\/ugostiteljstvo-slobodno-vreme-i-turizam\/","title":{"rendered":"Ugostiteljstvo, slobodno vreme i turizam"},"content":{"rendered":"\t\t<div data-elementor-type=\"wp-page\" data-elementor-id=\"3001\" class=\"elementor elementor-3001 elementor-76\" data-elementor-post-type=\"page\">\n\t\t\t\t<div class=\"elementor-element elementor-element-4046dd88 e-flex e-con-boxed e-con e-parent\" data-id=\"4046dd88\" data-element_type=\"container\" data-e-type=\"container\" data-settings=\"{&quot;background_background&quot;:&quot;classic&quot;}\">\n\t\t\t\t\t<div class=\"e-con-inner\">\n\t\t\t\t<div class=\"elementor-element elementor-element-659f07b4 elementor-widget elementor-widget-heading\" data-id=\"659f07b4\" data-element_type=\"widget\" data-e-type=\"widget\" data-widget_type=\"heading.default\">\n\t\t\t\t\t<h1 class=\"elementor-heading-title elementor-size-default\">Ugostiteljstvo, slobodno vreme i turizam<\/h1>\t\t\t\t<\/div>\n\t\t\t\t<div class=\"elementor-element elementor-element-233b0ccc elementor-widget elementor-widget-shortcode\" data-id=\"233b0ccc\" data-element_type=\"widget\" data-e-type=\"widget\" data-widget_type=\"shortcode.default\">\n\t\t\t\t\t\t\t<div class=\"elementor-shortcode\"><nav aria-label=\"breadcrumbs\" class=\"rank-math-breadcrumb\"><p><span class=\"last\">Po\u010detna<\/span><\/p><\/nav><\/div>\n\t\t\t\t\t\t<\/div>\n\t\t\t\t\t<\/div>\n\t\t\t\t<\/div>\n\t\t<div class=\"elementor-element elementor-element-1c95c8ae e-flex e-con-boxed e-con e-parent\" data-id=\"1c95c8ae\" data-element_type=\"container\" data-e-type=\"container\">\n\t\t\t\t\t<div class=\"e-con-inner\">\n\t\t<div class=\"elementor-element elementor-element-5caf471a e-con-full e-flex e-con e-child\" data-id=\"5caf471a\" data-element_type=\"container\" data-e-type=\"container\">\n\t\t\t\t<div class=\"elementor-element elementor-element-2aae2c9 elementor-widget elementor-widget-image\" data-id=\"2aae2c9\" data-element_type=\"widget\" data-e-type=\"widget\" data-widget_type=\"image.default\">\n\t\t\t\t\t\t\t\t\t\t\t\t\t\t\t<img fetchpriority=\"high\" decoding=\"async\" width=\"800\" height=\"640\" src=\"https:\/\/ivvk.rs\/wp-content\/uploads\/2025\/08\/IVVK-Lawyers-Hospitality-Leisure-and-Tourism.webp\" class=\"attachment-large size-large wp-image-3000\" alt=\"IVVK Lawyers \u2013 Ugostiteljstvo, slobodno vreme i turizam\" srcset=\"https:\/\/ivvk.rs\/wp-content\/uploads\/2025\/08\/IVVK-Lawyers-Hospitality-Leisure-and-Tourism.webp 1000w, https:\/\/ivvk.rs\/wp-content\/uploads\/2025\/08\/IVVK-Lawyers-Hospitality-Leisure-and-Tourism-300x240.webp 300w, https:\/\/ivvk.rs\/wp-content\/uploads\/2025\/08\/IVVK-Lawyers-Hospitality-Leisure-and-Tourism-768x614.webp 768w\" sizes=\"(max-width: 800px) 100vw, 800px\" \/>\t\t\t\t\t\t\t\t\t\t\t\t\t\t\t<\/div>\n\t\t\t\t<div class=\"elementor-element elementor-element-264da2db elementor-widget elementor-widget-text-editor\" data-id=\"264da2db\" data-element_type=\"widget\" data-e-type=\"widget\" data-widget_type=\"text-editor.default\">\n\t\t\t\t\t\t\t\t\t<p>Pru\u017eamo podr\u0161ku klijentima u restrukturiranju, pokretanju novih usluga, upravljanju rizicima i maksimalnom iskori\u0161\u0107avanju potencijala njihovih projekata u zdravstvu i farmaceutskoj industriji.<\/p>\n<p>Farmaceutski sektor ostaje jedan od klju\u010dnih stubova brzo rastu\u0107e ekonomije Srbije. Sa najavom doma\u0107e proizvodnje COVID-19 vakcina, Srbija se pozicionira kao regionalni lider u farmaceutskoj industriji. Iako regulativa mo\u017ee delovati slo\u017eeno, uz adekvatnu pravnu podr\u0161ku ovaj sektor nudi zna\u010dajan investicioni potencijal, posebno u oblasti proizvodnje, istra\u017eivanja i razvoja (R&amp;D), greenfield projekata i ugovora o proizvodnji. Sporazumi o slobodnoj trgovini koje Srbija ima omogu\u0107avaju pristup velikim me\u0111unarodnim tr\u017ei\u0161tima.<\/p>\n<p>Na\u0161 tim savetuje klijente iz oblasti zdravstva i farmacije u svim regulatornim i komercijalnim pitanjima, uklju\u010duju\u0107i dobijanje dozvola za stavljanje proizvoda u promet, veleprodajne licence, klini\u010dka ispitivanja, javne nabavke, formiranje cena i refundaciju.<\/p>\n<p>Pru\u017eamo pravnu podr\u0161ku u slede\u0107im oblastima:<\/p>\n<ul>\n<li>Potro\u0161a\u010dko zdravstvo<\/li>\n<li>Nauke o \u017eivotu (life sciences)<\/li>\n<li>Javne nabavke<\/li>\n<\/ul>\n<p>Jedan od \u010dlanova na\u0161eg tima stoji vam na raspolaganju kako bi vam pomogao u snala\u017eenju u pravnom okviru zdravstvenog i farmaceutskog sektora.<\/p>\n\t\t\t\t\t\t\t\t<\/div>\n\t\t\t\t<\/div>\n\t\t<div class=\"elementor-element elementor-element-50e950c e-con-full e-flex e-con e-child\" data-id=\"50e950c\" data-element_type=\"container\" data-e-type=\"container\">\n\t\t<div class=\"elementor-element elementor-element-5b7246cb e-con-full e-flex e-con e-child\" data-id=\"5b7246cb\" data-element_type=\"container\" data-e-type=\"container\" data-settings=\"{&quot;background_background&quot;:&quot;classic&quot;,&quot;sticky&quot;:&quot;top&quot;,&quot;sticky_offset&quot;:100,&quot;sticky_parent&quot;:&quot;yes&quot;,&quot;sticky_on&quot;:[&quot;desktop&quot;,&quot;tablet&quot;,&quot;mobile&quot;],&quot;sticky_effects_offset&quot;:0,&quot;sticky_anchor_link_offset&quot;:0}\">\n\t\t\t\t<div class=\"elementor-element elementor-element-29c655ed elementor-widget elementor-widget-heading\" data-id=\"29c655ed\" data-element_type=\"widget\" data-e-type=\"widget\" data-widget_type=\"heading.default\">\n\t\t\t\t\t<h2 class=\"elementor-heading-title elementor-size-default\"><a href=\"https:\/\/ivvk.rs\/sr\/ekspertize\/#industries\">Industrije<\/a><\/h2>\t\t\t\t<\/div>\n\t\t\t\t<div class=\"elementor-element elementor-element-ee46cab elementor-widget-divider--view-line elementor-widget elementor-widget-divider\" data-id=\"ee46cab\" data-element_type=\"widget\" data-e-type=\"widget\" data-widget_type=\"divider.default\">\n\t\t\t\t\t\t\t<div class=\"elementor-divider\">\n\t\t\t<span class=\"elementor-divider-separator\">\n\t\t\t\t\t\t<\/span>\n\t\t<\/div>\n\t\t\t\t\t\t<\/div>\n\t\t\t\t<div class=\"elementor-element elementor-element-1016cd45 elementor-nav-menu--dropdown-none elementor-widget elementor-widget-nav-menu\" data-id=\"1016cd45\" data-element_type=\"widget\" data-e-type=\"widget\" data-settings=\"{&quot;layout&quot;:&quot;vertical&quot;,&quot;submenu_icon&quot;:{&quot;value&quot;:&quot;&lt;svg aria-hidden=\\&quot;true\\&quot; class=\\&quot;e-font-icon-svg e-fas-caret-down\\&quot; viewBox=\\&quot;0 0 320 512\\&quot; xmlns=\\&quot;http:\\\/\\\/www.w3.org\\\/2000\\\/svg\\&quot;&gt;&lt;path d=\\&quot;M31.3 192h257.3c17.8 0 26.7 21.5 14.1 34.1L174.1 354.8c-7.8 7.8-20.5 7.8-28.3 0L17.2 226.1C4.6 213.5 13.5 192 31.3 192z\\&quot;&gt;&lt;\\\/path&gt;&lt;\\\/svg&gt;&quot;,&quot;library&quot;:&quot;fa-solid&quot;}}\" data-widget_type=\"nav-menu.default\">\n\t\t\t\t\t\t\t\t<nav aria-label=\"Menu\" class=\"elementor-nav-menu--main elementor-nav-menu__container elementor-nav-menu--layout-vertical e--pointer-underline e--animation-fade\">\n\t\t\t\t<ul id=\"menu-1-1016cd45\" class=\"elementor-nav-menu sm-vertical\"><li class=\"menu-item menu-item-type-post_type menu-item-object-page menu-item-334\"><a href=\"https:\/\/ivvk.rs\/expertises\/energy-and-natural-resources\/\" class=\"elementor-item\">Energetika i prirodni resursi<\/a><\/li>\n<li class=\"menu-item menu-item-type-post_type menu-item-object-page menu-item-335\"><a href=\"https:\/\/ivvk.rs\/expertises\/financial-institutions\/\" class=\"elementor-item\">Finansijske institucije<\/a><\/li>\n<li class=\"menu-item menu-item-type-post_type menu-item-object-page menu-item-333\"><a href=\"https:\/\/ivvk.rs\/expertises\/construction\/\" class=\"elementor-item\">Gra\u0111evinarstvo<\/a><\/li>\n<li class=\"menu-item menu-item-type-post_type menu-item-object-page menu-item-336\"><a href=\"https:\/\/ivvk.rs\/expertises\/healthcare-and-pharmaceuticals\/\" class=\"elementor-item\">Zdravstvo i farmaceutska industrija<\/a><\/li>\n<li class=\"menu-item menu-item-type-post_type menu-item-object-page menu-item-337\"><a href=\"https:\/\/ivvk.rs\/expertises\/hospitality-leisure-and-tourism\/\" class=\"elementor-item\">Ugostiteljstvo, slobodno vreme i turizam<\/a><\/li>\n<li class=\"menu-item menu-item-type-post_type menu-item-object-page menu-item-338\"><a href=\"https:\/\/ivvk.rs\/expertises\/infrastructure-and-transport\/\" class=\"elementor-item\">Infrastruktura i transport<\/a><\/li>\n<\/ul>\t\t\t<\/nav>\n\t\t\t\t\t\t<nav class=\"elementor-nav-menu--dropdown elementor-nav-menu__container\" aria-hidden=\"true\">\n\t\t\t\t<ul id=\"menu-2-1016cd45\" class=\"elementor-nav-menu sm-vertical\"><li class=\"menu-item menu-item-type-post_type menu-item-object-page menu-item-334\"><a href=\"https:\/\/ivvk.rs\/expertises\/energy-and-natural-resources\/\" class=\"elementor-item\" tabindex=\"-1\">Energetika i prirodni resursi<\/a><\/li>\n<li class=\"menu-item menu-item-type-post_type menu-item-object-page menu-item-335\"><a href=\"https:\/\/ivvk.rs\/expertises\/financial-institutions\/\" class=\"elementor-item\" tabindex=\"-1\">Finansijske institucije<\/a><\/li>\n<li class=\"menu-item menu-item-type-post_type menu-item-object-page menu-item-333\"><a href=\"https:\/\/ivvk.rs\/expertises\/construction\/\" class=\"elementor-item\" tabindex=\"-1\">Gra\u0111evinarstvo<\/a><\/li>\n<li class=\"menu-item menu-item-type-post_type menu-item-object-page menu-item-336\"><a href=\"https:\/\/ivvk.rs\/expertises\/healthcare-and-pharmaceuticals\/\" class=\"elementor-item\" tabindex=\"-1\">Zdravstvo i farmaceutska industrija<\/a><\/li>\n<li class=\"menu-item menu-item-type-post_type menu-item-object-page menu-item-337\"><a href=\"https:\/\/ivvk.rs\/expertises\/hospitality-leisure-and-tourism\/\" class=\"elementor-item\" tabindex=\"-1\">Ugostiteljstvo, slobodno vreme i turizam<\/a><\/li>\n<li class=\"menu-item menu-item-type-post_type menu-item-object-page menu-item-338\"><a href=\"https:\/\/ivvk.rs\/expertises\/infrastructure-and-transport\/\" class=\"elementor-item\" tabindex=\"-1\">Infrastruktura i transport<\/a><\/li>\n<\/ul>\t\t\t<\/nav>\n\t\t\t\t\t\t<\/div>\n\t\t\t\t<\/div>\n\t\t\t\t<\/div>\n\t\t\t\t\t<\/div>\n\t\t\t\t<\/div>\n\t\t<div class=\"elementor-element elementor-element-53379f24 e-flex e-con-boxed e-con e-parent\" data-id=\"53379f24\" data-element_type=\"container\" data-e-type=\"container\" data-settings=\"{&quot;background_background&quot;:&quot;classic&quot;}\">\n\t\t\t\t\t<div class=\"e-con-inner\">\n\t\t\t\t<div class=\"elementor-element elementor-element-2cbc7e3 elementor-grid-3 elementor-grid-tablet-2 elementor-grid-mobile-1 elementor-widget elementor-widget-loop-grid\" data-id=\"2cbc7e3\" data-element_type=\"widget\" data-e-type=\"widget\" data-settings=\"{&quot;template_id&quot;:3255,&quot;_skin&quot;:&quot;post&quot;,&quot;columns&quot;:&quot;3&quot;,&quot;columns_tablet&quot;:&quot;2&quot;,&quot;columns_mobile&quot;:&quot;1&quot;,&quot;edit_handle_selector&quot;:&quot;[data-elementor-type=\\&quot;loop-item\\&quot;]&quot;,&quot;row_gap&quot;:{&quot;unit&quot;:&quot;px&quot;,&quot;size&quot;:&quot;&quot;,&quot;sizes&quot;:[]},&quot;row_gap_tablet&quot;:{&quot;unit&quot;:&quot;px&quot;,&quot;size&quot;:&quot;&quot;,&quot;sizes&quot;:[]},&quot;row_gap_mobile&quot;:{&quot;unit&quot;:&quot;px&quot;,&quot;size&quot;:&quot;&quot;,&quot;sizes&quot;:[]}}\" data-widget_type=\"loop-grid.post\">\n\t\t\t\t<div class=\"elementor-widget-container\">\n\t\t\t\t\t\t\t<div class=\"e-loop-nothing-found-message\">\n\t\t<\/div>\n\t\t\t\t\t\t<\/div>\n\t\t\t\t<\/div>\n\t\t\t\t\t<\/div>\n\t\t\t\t<\/div>\n\t\t\t\t<\/div>\n\t\t","protected":false},"excerpt":{"rendered":"<p>Ugostiteljstvo, slobodno vreme i turizam Pru\u017eamo podr\u0161ku klijentima u restrukturiranju, pokretanju novih usluga, upravljanju rizicima i maksimalnom iskori\u0161\u0107avanju potencijala njihovih projekata u zdravstvu i farmaceutskoj industriji. Farmaceutski sektor ostaje jedan od klju\u010dnih stubova brzo rastu\u0107e ekonomije Srbije. Sa najavom doma\u0107e proizvodnje COVID-19 vakcina, Srbija se pozicionira kao regionalni lider u farmaceutskoj industriji. Iako regulativa mo\u017ee [&hellip;]<\/p>\n","protected":false},"author":1,"featured_media":0,"parent":3011,"menu_order":0,"comment_status":"closed","ping_status":"closed","template":"","meta":{"_acf_changed":false,"footnotes":""},"coauthors":[28],"class_list":["post-3001","page","type-page","status-publish","hentry"],"acf":[],"_links":{"self":[{"href":"https:\/\/ivvk.rs\/sr\/wp-json\/wp\/v2\/pages\/3001","targetHints":{"allow":["GET"]}}],"collection":[{"href":"https:\/\/ivvk.rs\/sr\/wp-json\/wp\/v2\/pages"}],"about":[{"href":"https:\/\/ivvk.rs\/sr\/wp-json\/wp\/v2\/types\/page"}],"author":[{"embeddable":true,"href":"https:\/\/ivvk.rs\/sr\/wp-json\/wp\/v2\/users\/1"}],"replies":[{"embeddable":true,"href":"https:\/\/ivvk.rs\/sr\/wp-json\/wp\/v2\/comments?post=3001"}],"version-history":[{"count":2,"href":"https:\/\/ivvk.rs\/sr\/wp-json\/wp\/v2\/pages\/3001\/revisions"}],"predecessor-version":[{"id":3024,"href":"https:\/\/ivvk.rs\/sr\/wp-json\/wp\/v2\/pages\/3001\/revisions\/3024"}],"up":[{"embeddable":true,"href":"https:\/\/ivvk.rs\/sr\/wp-json\/wp\/v2\/pages\/3011"}],"wp:attachment":[{"href":"https:\/\/ivvk.rs\/sr\/wp-json\/wp\/v2\/media?parent=3001"}],"wp:term":[{"taxonomy":"author","embeddable":true,"href":"https:\/\/ivvk.rs\/sr\/wp-json\/wp\/v2\/coauthors?post=3001"}],"curies":[{"name":"wp","href":"https:\/\/api.w.org\/{rel}","templated":true}]}}