{"id":2998,"date":"2025-05-10T11:02:40","date_gmt":"2025-05-10T11:02:40","guid":{"rendered":"https:\/\/ivvk.rs\/infrastruktura-i-transport\/"},"modified":"2026-03-21T18:32:14","modified_gmt":"2026-03-21T18:32:14","slug":"infrastruktura-i-transport","status":"publish","type":"page","link":"https:\/\/ivvk.rs\/sr\/ekspertize\/infrastruktura-i-transport\/","title":{"rendered":"Infrastruktura i transport"},"content":{"rendered":"\t\t<div data-elementor-type=\"wp-page\" data-elementor-id=\"2998\" class=\"elementor elementor-2998 elementor-78\" data-elementor-post-type=\"page\">\n\t\t\t\t<div class=\"elementor-element elementor-element-272fcc7c e-flex e-con-boxed e-con e-parent\" data-id=\"272fcc7c\" data-element_type=\"container\" data-e-type=\"container\" data-settings=\"{&quot;background_background&quot;:&quot;classic&quot;}\">\n\t\t\t\t\t<div class=\"e-con-inner\">\n\t\t\t\t<div class=\"elementor-element elementor-element-290b05c elementor-widget elementor-widget-heading\" data-id=\"290b05c\" data-element_type=\"widget\" data-e-type=\"widget\" data-widget_type=\"heading.default\">\n\t\t\t\t\t<h1 class=\"elementor-heading-title elementor-size-default\">Infrastruktura i transport<\/h1>\t\t\t\t<\/div>\n\t\t\t\t<div class=\"elementor-element elementor-element-c5edb85 elementor-widget elementor-widget-shortcode\" data-id=\"c5edb85\" data-element_type=\"widget\" data-e-type=\"widget\" data-widget_type=\"shortcode.default\">\n\t\t\t\t\t\t\t<div class=\"elementor-shortcode\"><nav aria-label=\"breadcrumbs\" class=\"rank-math-breadcrumb\"><p><span class=\"last\">Po\u010detna<\/span><\/p><\/nav><\/div>\n\t\t\t\t\t\t<\/div>\n\t\t\t\t\t<\/div>\n\t\t\t\t<\/div>\n\t\t<div class=\"elementor-element elementor-element-5a30a4cd e-flex e-con-boxed e-con e-parent\" data-id=\"5a30a4cd\" data-element_type=\"container\" data-e-type=\"container\">\n\t\t\t\t\t<div class=\"e-con-inner\">\n\t\t<div class=\"elementor-element elementor-element-61caed5f e-con-full e-flex e-con e-child\" data-id=\"61caed5f\" data-element_type=\"container\" data-e-type=\"container\">\n\t\t\t\t<div class=\"elementor-element elementor-element-148edce5 elementor-widget elementor-widget-image\" data-id=\"148edce5\" data-element_type=\"widget\" data-e-type=\"widget\" data-widget_type=\"image.default\">\n\t\t\t\t\t\t\t\t\t\t\t\t\t\t\t<img fetchpriority=\"high\" decoding=\"async\" width=\"800\" height=\"640\" src=\"https:\/\/ivvk.rs\/wp-content\/uploads\/2025\/08\/IVVK-Lawyers-Infrastructure-and-Transport.webp\" class=\"attachment-large size-large wp-image-2997\" alt=\"IVVK Lawyers \u2013 Infrastruktura i transport\" srcset=\"https:\/\/ivvk.rs\/wp-content\/uploads\/2025\/08\/IVVK-Lawyers-Infrastructure-and-Transport.webp 1000w, https:\/\/ivvk.rs\/wp-content\/uploads\/2025\/08\/IVVK-Lawyers-Infrastructure-and-Transport-300x240.webp 300w, https:\/\/ivvk.rs\/wp-content\/uploads\/2025\/08\/IVVK-Lawyers-Infrastructure-and-Transport-768x614.webp 768w\" sizes=\"(max-width: 800px) 100vw, 800px\" \/>\t\t\t\t\t\t\t\t\t\t\t\t\t\t\t<\/div>\n\t\t\t\t<div class=\"elementor-element elementor-element-73595f37 elementor-widget elementor-widget-text-editor\" data-id=\"73595f37\" data-element_type=\"widget\" data-e-type=\"widget\" data-widget_type=\"text-editor.default\">\n\t\t\t\t\t\t\t\t\t<p>U IVVK se oslanjamo na sna\u017eno iskustvo u oblasti infrastrukturnog prava.<\/p>\n<p>Na\u0161e iskustvo nam omogu\u0107ava da u\u010destvujemo u oblikovanju zakonodavnih inicijativa i unapre\u0111enju mogu\u0107nosti u finansiranju i izgradnji, kako bismo podr\u017eali investicije. Savetovali smo na velikim infrastrukturnim projektima i blisko sara\u0111ujemo sa klijentima kako bismo obezbedili njihov uspeh.<\/p>\n<p>Transport je sektor koji se brzo razvija, pod uticajem regulative, ekolo\u0161kih zahteva i promena cena goriva. IVVK poma\u017ee klijentima da se sna\u0111u u ovim promenama kroz stru\u010dne savete u vezi sa nabavkama, finansiranjem, raspolaganjem imovinom, zajedni\u010dkim ulaganjima, strate\u0161kim partnerstvima i javno-privatnim partnerstvima. Tako\u0111e pru\u017eamo podr\u0161ku u \u0161irokom spektru komercijalnih transakcija.<\/p>\n<p>Na\u0161a ekspertiza obuhvata:<\/p>\n<ul>\n<li>Automobilsku industriju<\/li>\n<li>Vazdu\u0161ni saobra\u0107aj<\/li>\n<li>Pomorski sektor<\/li>\n<li>Transport i logistiku<\/li>\n<\/ul>\n<p>Jedan od na\u0161ih iskusnih advokata stoji vam na raspolaganju za pitanja iz oblasti infrastrukture i transporta.<\/p>\n\t\t\t\t\t\t\t\t<\/div>\n\t\t\t\t<\/div>\n\t\t<div class=\"elementor-element elementor-element-7884eef1 e-con-full e-flex e-con e-child\" data-id=\"7884eef1\" data-element_type=\"container\" data-e-type=\"container\">\n\t\t<div class=\"elementor-element elementor-element-4296e516 e-con-full e-flex e-con e-child\" data-id=\"4296e516\" data-element_type=\"container\" data-e-type=\"container\" data-settings=\"{&quot;background_background&quot;:&quot;classic&quot;,&quot;sticky&quot;:&quot;top&quot;,&quot;sticky_offset&quot;:100,&quot;sticky_parent&quot;:&quot;yes&quot;,&quot;sticky_on&quot;:[&quot;desktop&quot;,&quot;tablet&quot;,&quot;mobile&quot;],&quot;sticky_effects_offset&quot;:0,&quot;sticky_anchor_link_offset&quot;:0}\">\n\t\t\t\t<div class=\"elementor-element elementor-element-47c38231 elementor-widget elementor-widget-heading\" data-id=\"47c38231\" data-element_type=\"widget\" data-e-type=\"widget\" data-widget_type=\"heading.default\">\n\t\t\t\t\t<h2 class=\"elementor-heading-title elementor-size-default\"><a href=\"https:\/\/ivvk.rs\/sr\/ekspertize\/#industries\">Industrije<\/a><\/h2>\t\t\t\t<\/div>\n\t\t\t\t<div class=\"elementor-element elementor-element-7377d43d elementor-widget-divider--view-line elementor-widget elementor-widget-divider\" data-id=\"7377d43d\" data-element_type=\"widget\" data-e-type=\"widget\" data-widget_type=\"divider.default\">\n\t\t\t\t\t\t\t<div class=\"elementor-divider\">\n\t\t\t<span class=\"elementor-divider-separator\">\n\t\t\t\t\t\t<\/span>\n\t\t<\/div>\n\t\t\t\t\t\t<\/div>\n\t\t\t\t<div class=\"elementor-element elementor-element-1fe366e elementor-nav-menu--dropdown-none elementor-widget elementor-widget-nav-menu\" data-id=\"1fe366e\" data-element_type=\"widget\" data-e-type=\"widget\" data-settings=\"{&quot;layout&quot;:&quot;vertical&quot;,&quot;submenu_icon&quot;:{&quot;value&quot;:&quot;&lt;svg aria-hidden=\\&quot;true\\&quot; class=\\&quot;e-font-icon-svg e-fas-caret-down\\&quot; viewBox=\\&quot;0 0 320 512\\&quot; xmlns=\\&quot;http:\\\/\\\/www.w3.org\\\/2000\\\/svg\\&quot;&gt;&lt;path d=\\&quot;M31.3 192h257.3c17.8 0 26.7 21.5 14.1 34.1L174.1 354.8c-7.8 7.8-20.5 7.8-28.3 0L17.2 226.1C4.6 213.5 13.5 192 31.3 192z\\&quot;&gt;&lt;\\\/path&gt;&lt;\\\/svg&gt;&quot;,&quot;library&quot;:&quot;fa-solid&quot;}}\" data-widget_type=\"nav-menu.default\">\n\t\t\t\t\t\t\t\t<nav aria-label=\"Menu\" class=\"elementor-nav-menu--main elementor-nav-menu__container elementor-nav-menu--layout-vertical e--pointer-underline e--animation-fade\">\n\t\t\t\t<ul id=\"menu-1-1fe366e\" class=\"elementor-nav-menu sm-vertical\"><li class=\"menu-item menu-item-type-post_type menu-item-object-page menu-item-334\"><a href=\"https:\/\/ivvk.rs\/expertises\/energy-and-natural-resources\/\" class=\"elementor-item\">Energetika i prirodni resursi<\/a><\/li>\n<li class=\"menu-item menu-item-type-post_type menu-item-object-page menu-item-335\"><a href=\"https:\/\/ivvk.rs\/expertises\/financial-institutions\/\" class=\"elementor-item\">Finansijske institucije<\/a><\/li>\n<li class=\"menu-item menu-item-type-post_type menu-item-object-page menu-item-333\"><a href=\"https:\/\/ivvk.rs\/expertises\/construction\/\" class=\"elementor-item\">Gra\u0111evinarstvo<\/a><\/li>\n<li class=\"menu-item menu-item-type-post_type menu-item-object-page menu-item-336\"><a href=\"https:\/\/ivvk.rs\/expertises\/healthcare-and-pharmaceuticals\/\" class=\"elementor-item\">Zdravstvo i farmaceutska industrija<\/a><\/li>\n<li class=\"menu-item menu-item-type-post_type menu-item-object-page menu-item-337\"><a href=\"https:\/\/ivvk.rs\/expertises\/hospitality-leisure-and-tourism\/\" class=\"elementor-item\">Ugostiteljstvo, slobodno vreme i turizam<\/a><\/li>\n<li class=\"menu-item menu-item-type-post_type menu-item-object-page menu-item-338\"><a href=\"https:\/\/ivvk.rs\/expertises\/infrastructure-and-transport\/\" class=\"elementor-item\">Infrastruktura i transport<\/a><\/li>\n<\/ul>\t\t\t<\/nav>\n\t\t\t\t\t\t<nav class=\"elementor-nav-menu--dropdown elementor-nav-menu__container\" aria-hidden=\"true\">\n\t\t\t\t<ul id=\"menu-2-1fe366e\" class=\"elementor-nav-menu sm-vertical\"><li class=\"menu-item menu-item-type-post_type menu-item-object-page menu-item-334\"><a href=\"https:\/\/ivvk.rs\/expertises\/energy-and-natural-resources\/\" class=\"elementor-item\" tabindex=\"-1\">Energetika i prirodni resursi<\/a><\/li>\n<li class=\"menu-item menu-item-type-post_type menu-item-object-page menu-item-335\"><a href=\"https:\/\/ivvk.rs\/expertises\/financial-institutions\/\" class=\"elementor-item\" tabindex=\"-1\">Finansijske institucije<\/a><\/li>\n<li class=\"menu-item menu-item-type-post_type menu-item-object-page menu-item-333\"><a href=\"https:\/\/ivvk.rs\/expertises\/construction\/\" class=\"elementor-item\" tabindex=\"-1\">Gra\u0111evinarstvo<\/a><\/li>\n<li class=\"menu-item menu-item-type-post_type menu-item-object-page menu-item-336\"><a href=\"https:\/\/ivvk.rs\/expertises\/healthcare-and-pharmaceuticals\/\" class=\"elementor-item\" tabindex=\"-1\">Zdravstvo i farmaceutska industrija<\/a><\/li>\n<li class=\"menu-item menu-item-type-post_type menu-item-object-page menu-item-337\"><a href=\"https:\/\/ivvk.rs\/expertises\/hospitality-leisure-and-tourism\/\" class=\"elementor-item\" tabindex=\"-1\">Ugostiteljstvo, slobodno vreme i turizam<\/a><\/li>\n<li class=\"menu-item menu-item-type-post_type menu-item-object-page menu-item-338\"><a href=\"https:\/\/ivvk.rs\/expertises\/infrastructure-and-transport\/\" class=\"elementor-item\" tabindex=\"-1\">Infrastruktura i transport<\/a><\/li>\n<\/ul>\t\t\t<\/nav>\n\t\t\t\t\t\t<\/div>\n\t\t\t\t<\/div>\n\t\t\t\t<\/div>\n\t\t\t\t\t<\/div>\n\t\t\t\t<\/div>\n\t\t<div class=\"elementor-element elementor-element-5772a2bc e-flex e-con-boxed e-con e-parent\" data-id=\"5772a2bc\" data-element_type=\"container\" data-e-type=\"container\" data-settings=\"{&quot;background_background&quot;:&quot;classic&quot;}\">\n\t\t\t\t\t<div class=\"e-con-inner\">\n\t\t\t\t<div class=\"elementor-element elementor-element-71de49b6 elementor-grid-3 elementor-grid-tablet-2 elementor-grid-mobile-1 elementor-widget elementor-widget-loop-grid\" data-id=\"71de49b6\" data-element_type=\"widget\" data-e-type=\"widget\" data-settings=\"{&quot;template_id&quot;:3255,&quot;_skin&quot;:&quot;post&quot;,&quot;columns&quot;:&quot;3&quot;,&quot;columns_tablet&quot;:&quot;2&quot;,&quot;columns_mobile&quot;:&quot;1&quot;,&quot;edit_handle_selector&quot;:&quot;[data-elementor-type=\\&quot;loop-item\\&quot;]&quot;,&quot;row_gap&quot;:{&quot;unit&quot;:&quot;px&quot;,&quot;size&quot;:&quot;&quot;,&quot;sizes&quot;:[]},&quot;row_gap_tablet&quot;:{&quot;unit&quot;:&quot;px&quot;,&quot;size&quot;:&quot;&quot;,&quot;sizes&quot;:[]},&quot;row_gap_mobile&quot;:{&quot;unit&quot;:&quot;px&quot;,&quot;size&quot;:&quot;&quot;,&quot;sizes&quot;:[]}}\" data-widget_type=\"loop-grid.post\">\n\t\t\t\t<div class=\"elementor-widget-container\">\n\t\t\t\t\t\t\t<div class=\"e-loop-nothing-found-message\">\n\t\t<\/div>\n\t\t\t\t\t\t<\/div>\n\t\t\t\t<\/div>\n\t\t\t\t\t<\/div>\n\t\t\t\t<\/div>\n\t\t\t\t<\/div>\n\t\t","protected":false},"excerpt":{"rendered":"<p>Infrastruktura i transport U IVVK se oslanjamo na sna\u017eno iskustvo u oblasti infrastrukturnog prava. Na\u0161e iskustvo nam omogu\u0107ava da u\u010destvujemo u oblikovanju zakonodavnih inicijativa i unapre\u0111enju mogu\u0107nosti u finansiranju i izgradnji, kako bismo podr\u017eali investicije. Savetovali smo na velikim infrastrukturnim projektima i blisko sara\u0111ujemo sa klijentima kako bismo obezbedili njihov uspeh. Transport je sektor koji [&hellip;]<\/p>\n","protected":false},"author":1,"featured_media":0,"parent":3011,"menu_order":0,"comment_status":"closed","ping_status":"closed","template":"","meta":{"_acf_changed":false,"footnotes":""},"coauthors":[28],"class_list":["post-2998","page","type-page","status-publish","hentry"],"acf":[],"_links":{"self":[{"href":"https:\/\/ivvk.rs\/sr\/wp-json\/wp\/v2\/pages\/2998","targetHints":{"allow":["GET"]}}],"collection":[{"href":"https:\/\/ivvk.rs\/sr\/wp-json\/wp\/v2\/pages"}],"about":[{"href":"https:\/\/ivvk.rs\/sr\/wp-json\/wp\/v2\/types\/page"}],"author":[{"embeddable":true,"href":"https:\/\/ivvk.rs\/sr\/wp-json\/wp\/v2\/users\/1"}],"replies":[{"embeddable":true,"href":"https:\/\/ivvk.rs\/sr\/wp-json\/wp\/v2\/comments?post=2998"}],"version-history":[{"count":2,"href":"https:\/\/ivvk.rs\/sr\/wp-json\/wp\/v2\/pages\/2998\/revisions"}],"predecessor-version":[{"id":3025,"href":"https:\/\/ivvk.rs\/sr\/wp-json\/wp\/v2\/pages\/2998\/revisions\/3025"}],"up":[{"embeddable":true,"href":"https:\/\/ivvk.rs\/sr\/wp-json\/wp\/v2\/pages\/3011"}],"wp:attachment":[{"href":"https:\/\/ivvk.rs\/sr\/wp-json\/wp\/v2\/media?parent=2998"}],"wp:term":[{"taxonomy":"author","embeddable":true,"href":"https:\/\/ivvk.rs\/sr\/wp-json\/wp\/v2\/coauthors?post=2998"}],"curies":[{"name":"wp","href":"https:\/\/api.w.org\/{rel}","templated":true}]}}