{"id":2985,"date":"2025-05-10T10:50:39","date_gmt":"2025-05-10T10:50:39","guid":{"rendered":"https:\/\/ivvk.rs\/sporovi\/"},"modified":"2026-03-21T18:32:13","modified_gmt":"2026-03-21T18:32:13","slug":"sporovi","status":"publish","type":"page","link":"https:\/\/ivvk.rs\/sr\/ekspertize\/sporovi\/","title":{"rendered":"Sporovi"},"content":{"rendered":"\t\t<div data-elementor-type=\"wp-page\" data-elementor-id=\"2985\" class=\"elementor elementor-2985 elementor-56\" data-elementor-post-type=\"page\">\n\t\t\t\t<div class=\"elementor-element elementor-element-74f89a38 e-flex e-con-boxed e-con e-parent\" data-id=\"74f89a38\" data-element_type=\"container\" data-e-type=\"container\" data-settings=\"{&quot;background_background&quot;:&quot;classic&quot;}\">\n\t\t\t\t\t<div class=\"e-con-inner\">\n\t\t\t\t<div class=\"elementor-element elementor-element-19a6bc4d elementor-widget elementor-widget-heading\" data-id=\"19a6bc4d\" data-element_type=\"widget\" data-e-type=\"widget\" data-widget_type=\"heading.default\">\n\t\t\t\t\t<h1 class=\"elementor-heading-title elementor-size-default\">Sporovi<\/h1>\t\t\t\t<\/div>\n\t\t\t\t<div class=\"elementor-element elementor-element-59a57ce0 elementor-widget elementor-widget-shortcode\" data-id=\"59a57ce0\" data-element_type=\"widget\" data-e-type=\"widget\" data-widget_type=\"shortcode.default\">\n\t\t\t\t\t\t\t<div class=\"elementor-shortcode\"><nav aria-label=\"breadcrumbs\" class=\"rank-math-breadcrumb\"><p><span class=\"last\">Po\u010detna<\/span><\/p><\/nav><\/div>\n\t\t\t\t\t\t<\/div>\n\t\t\t\t\t<\/div>\n\t\t\t\t<\/div>\n\t\t<div class=\"elementor-element elementor-element-b816af7 e-flex e-con-boxed e-con e-parent\" data-id=\"b816af7\" data-element_type=\"container\" data-e-type=\"container\">\n\t\t\t\t\t<div class=\"e-con-inner\">\n\t\t<div class=\"elementor-element elementor-element-5bd26762 e-con-full e-flex e-con e-child\" data-id=\"5bd26762\" data-element_type=\"container\" data-e-type=\"container\">\n\t\t\t\t<div class=\"elementor-element elementor-element-1d3b5779 elementor-widget elementor-widget-image\" data-id=\"1d3b5779\" data-element_type=\"widget\" data-e-type=\"widget\" data-widget_type=\"image.default\">\n\t\t\t\t\t\t\t\t\t\t\t\t\t\t\t<img fetchpriority=\"high\" decoding=\"async\" width=\"800\" height=\"640\" src=\"https:\/\/ivvk.rs\/wp-content\/uploads\/2025\/08\/IVVK-Lawyers-Disputs.webp\" class=\"attachment-large size-large wp-image-2984\" alt=\"IVVK Lawyers \u2013 Sporovi\" srcset=\"https:\/\/ivvk.rs\/wp-content\/uploads\/2025\/08\/IVVK-Lawyers-Disputs.webp 1000w, https:\/\/ivvk.rs\/wp-content\/uploads\/2025\/08\/IVVK-Lawyers-Disputs-300x240.webp 300w, https:\/\/ivvk.rs\/wp-content\/uploads\/2025\/08\/IVVK-Lawyers-Disputs-768x614.webp 768w\" sizes=\"(max-width: 800px) 100vw, 800px\" \/>\t\t\t\t\t\t\t\t\t\t\t\t\t\t\t<\/div>\n\t\t\t\t<div class=\"elementor-element elementor-element-431c13b elementor-widget elementor-widget-text-editor\" data-id=\"431c13b\" data-element_type=\"widget\" data-e-type=\"widget\" data-widget_type=\"text-editor.default\">\n\t\t\t\t\t\t\t\t\t<p>Imamo bogato iskustvo u zastupanju klijenata pred sudovima u Srbiji, uklju\u010duju\u0107i i Vrhovni sud. Na\u0161 tim vodi slo\u017eene predmete uz strate\u0161ki pristup i temeljno pripremljene argumente, vode\u0107i ra\u010duna o svim \u010dinjenicama i poslovnim aspektima. Kao advokatska kancelarija specijalizovana za NPL-ove, trenutno vodimo preko 200.000 predmeta, \u0161to nas svrstava me\u0111u vode\u0107e kancelarije u ovoj oblasti.<\/p>\n<p>Pru\u017eamo jasne i tro\u0161kovno efikasne pravne savete kako bismo klijentima pomogli da upravljaju rizicima i re\u0161avaju sporove kroz sudske postupke, arbitra\u017eu ili medijaciju. Na\u0161 cilj je postizanje efikasnih re\u0161enja uz minimalan stres, kroz otvorenu komunikaciju i strate\u0161ko planiranje. Ukoliko je pokretanje sudskog postupka neophodno, na\u0161i stru\u010dnjaci su spremni da vas zastupaju.<\/p>\n<p>Na\u0161e usluge obuhvataju:<\/p>\n<ul>\n<li>Doma\u0107e i me\u0111unarodne sudske postupke<\/li>\n<li>Medijaciju i arbitra\u017eu<\/li>\n<li>Ste\u010dajne i reorganizacione postupke<\/li>\n<li>Naplatu potra\u017eivanja<\/li>\n<li>Gra\u0111evinske sporove<\/li>\n<li>Radne sporove<\/li>\n<\/ul>\n\t\t\t\t\t\t\t\t<\/div>\n\t\t\t\t<div class=\"elementor-element elementor-element-269f97ca elementor-widget elementor-widget-n-accordion\" data-id=\"269f97ca\" data-element_type=\"widget\" data-e-type=\"widget\" data-settings=\"{&quot;default_state&quot;:&quot;expanded&quot;,&quot;max_items_expended&quot;:&quot;one&quot;,&quot;n_accordion_animation_duration&quot;:{&quot;unit&quot;:&quot;ms&quot;,&quot;size&quot;:400,&quot;sizes&quot;:[]}}\" data-widget_type=\"nested-accordion.default\">\n\t\t\t\t\t\t\t<div class=\"e-n-accordion\" aria-label=\"Accordion. Open links with Enter or Space, close with Escape, and navigate with Arrow Keys\">\n\t\t\t\t\t\t<details id=\"e-n-accordion-item-6470\" class=\"e-n-accordion-item\" open>\n\t\t\t\t<summary class=\"e-n-accordion-item-title\" data-accordion-index=\"1\" tabindex=\"0\" aria-expanded=\"true\" aria-controls=\"e-n-accordion-item-6470\" >\n\t\t\t\t\t<span class='e-n-accordion-item-title-header'><div class=\"e-n-accordion-item-title-text\"> Re\u0161avanje sporova <\/div><\/span>\n\t\t\t\t\t\t\t<span class='e-n-accordion-item-title-icon'>\n\t\t\t<span class='e-opened' ><svg aria-hidden=\"true\" class=\"e-font-icon-svg e-fas-minus\" viewBox=\"0 0 448 512\" xmlns=\"http:\/\/www.w3.org\/2000\/svg\"><path d=\"M416 208H32c-17.67 0-32 14.33-32 32v32c0 17.67 14.33 32 32 32h384c17.67 0 32-14.33 32-32v-32c0-17.67-14.33-32-32-32z\"><\/path><\/svg><\/span>\n\t\t\t<span class='e-closed'><svg aria-hidden=\"true\" class=\"e-font-icon-svg e-fas-plus\" viewBox=\"0 0 448 512\" xmlns=\"http:\/\/www.w3.org\/2000\/svg\"><path d=\"M416 208H272V64c0-17.67-14.33-32-32-32h-32c-17.67 0-32 14.33-32 32v144H32c-17.67 0-32 14.33-32 32v32c0 17.67 14.33 32 32 32h144v144c0 17.67 14.33 32 32 32h32c17.67 0 32-14.33 32-32V304h144c17.67 0 32-14.33 32-32v-32c0-17.67-14.33-32-32-32z\"><\/path><\/svg><\/span>\n\t\t<\/span>\n\n\t\t\t\t\t\t<\/summary>\n\t\t\t\t<div role=\"region\" aria-labelledby=\"e-n-accordion-item-6470\" class=\"elementor-element elementor-element-50f0e4bc e-con-full e-flex e-con e-child\" data-id=\"50f0e4bc\" data-element_type=\"container\" data-e-type=\"container\">\n\t\t\t\t<div class=\"elementor-element elementor-element-677b2372 elementor-widget elementor-widget-text-editor\" data-id=\"677b2372\" data-element_type=\"widget\" data-e-type=\"widget\" data-widget_type=\"text-editor.default\">\n\t\t\t\t\t\t\t\t\t<p>Poma\u017eemo klijentima da spre\u010de sporove savetovanjem o ugovornim odredbama koje uklju\u010duju efikasne metode re\u0161avanja, kao \u0161to su sudski postupci, arbitra\u017ea ili prilago\u0111ena re\u0161enja. Rano uklju\u010divanje u doma\u0107e i me\u0111unarodne ugovore omogu\u0107ava nam da prepoznamo rizike i usmerimo klijente kroz prednosti i nedostatke svakog pristupa.<\/p>\n<p>Na\u0161e savetovanje obuhvata:<\/p>\n<ul>\n<li>Finansijski i komercijalni uticaj svakog modela re\u0161avanja sporova<\/li>\n<li>Mogu\u0107nosti i izazove razli\u010ditih postupaka<\/li>\n<li>Specifi\u010dna pitanja u prekograni\u010dnim ugovorima<\/li>\n<\/ul>\n\t\t\t\t\t\t\t\t<\/div>\n\t\t\t\t<\/div>\n\t\t\t\t\t<\/details>\n\t\t\t\t\t\t<details id=\"e-n-accordion-item-6471\" class=\"e-n-accordion-item\" >\n\t\t\t\t<summary class=\"e-n-accordion-item-title\" data-accordion-index=\"2\" tabindex=\"-1\" aria-expanded=\"false\" aria-controls=\"e-n-accordion-item-6471\" >\n\t\t\t\t\t<span class='e-n-accordion-item-title-header'><div class=\"e-n-accordion-item-title-text\"> Pregovori o nagodbi <\/div><\/span>\n\t\t\t\t\t\t\t<span class='e-n-accordion-item-title-icon'>\n\t\t\t<span class='e-opened' ><svg aria-hidden=\"true\" class=\"e-font-icon-svg e-fas-minus\" viewBox=\"0 0 448 512\" xmlns=\"http:\/\/www.w3.org\/2000\/svg\"><path d=\"M416 208H32c-17.67 0-32 14.33-32 32v32c0 17.67 14.33 32 32 32h384c17.67 0 32-14.33 32-32v-32c0-17.67-14.33-32-32-32z\"><\/path><\/svg><\/span>\n\t\t\t<span class='e-closed'><svg aria-hidden=\"true\" class=\"e-font-icon-svg e-fas-plus\" viewBox=\"0 0 448 512\" xmlns=\"http:\/\/www.w3.org\/2000\/svg\"><path d=\"M416 208H272V64c0-17.67-14.33-32-32-32h-32c-17.67 0-32 14.33-32 32v144H32c-17.67 0-32 14.33-32 32v32c0 17.67 14.33 32 32 32h144v144c0 17.67 14.33 32 32 32h32c17.67 0 32-14.33 32-32V304h144c17.67 0 32-14.33 32-32v-32c0-17.67-14.33-32-32-32z\"><\/path><\/svg><\/span>\n\t\t<\/span>\n\n\t\t\t\t\t\t<\/summary>\n\t\t\t\t<div role=\"region\" aria-labelledby=\"e-n-accordion-item-6471\" class=\"elementor-element elementor-element-b1238d6 e-con-full e-flex e-con e-child\" data-id=\"b1238d6\" data-element_type=\"container\" data-e-type=\"container\">\n\t\t\t\t<div class=\"elementor-element elementor-element-563d577 elementor-widget elementor-widget-text-editor\" data-id=\"563d577\" data-element_type=\"widget\" data-e-type=\"widget\" data-widget_type=\"text-editor.default\">\n\t\t\t\t\t\t\t\t\t<p>Sudski postupci mogu biti skupi i dugotrajni. Poma\u017eemo klijentima da razmotre alternativne na\u010dine re\u0161avanja sporova, sa ciljem postizanja efikasnih vansudskih re\u0161enja na nacionalnom i me\u0111unarodnom nivou.<\/p>\n<p>Na\u0161e usluge obuhvataju:<\/p>\n<ul>\n<li>Analizu rizika (pravnih, finansijskih, komercijalnih)<\/li>\n<li>Pregovore o nagodbi u Srbiji i inostranstvu<\/li>\n<li>Medijaciju i re\u0161enja uz u\u010de\u0161\u0107e tre\u0107ih strana<\/li>\n<\/ul>\n\t\t\t\t\t\t\t\t<\/div>\n\t\t\t\t<\/div>\n\t\t\t\t\t<\/details>\n\t\t\t\t\t\t<details id=\"e-n-accordion-item-6472\" class=\"e-n-accordion-item\" >\n\t\t\t\t<summary class=\"e-n-accordion-item-title\" data-accordion-index=\"3\" tabindex=\"-1\" aria-expanded=\"false\" aria-controls=\"e-n-accordion-item-6472\" >\n\t\t\t\t\t<span class='e-n-accordion-item-title-header'><div class=\"e-n-accordion-item-title-text\"> Sudski postupci <\/div><\/span>\n\t\t\t\t\t\t\t<span class='e-n-accordion-item-title-icon'>\n\t\t\t<span class='e-opened' ><svg aria-hidden=\"true\" class=\"e-font-icon-svg e-fas-minus\" viewBox=\"0 0 448 512\" xmlns=\"http:\/\/www.w3.org\/2000\/svg\"><path d=\"M416 208H32c-17.67 0-32 14.33-32 32v32c0 17.67 14.33 32 32 32h384c17.67 0 32-14.33 32-32v-32c0-17.67-14.33-32-32-32z\"><\/path><\/svg><\/span>\n\t\t\t<span class='e-closed'><svg aria-hidden=\"true\" class=\"e-font-icon-svg e-fas-plus\" viewBox=\"0 0 448 512\" xmlns=\"http:\/\/www.w3.org\/2000\/svg\"><path d=\"M416 208H272V64c0-17.67-14.33-32-32-32h-32c-17.67 0-32 14.33-32 32v144H32c-17.67 0-32 14.33-32 32v32c0 17.67 14.33 32 32 32h144v144c0 17.67 14.33 32 32 32h32c17.67 0 32-14.33 32-32V304h144c17.67 0 32-14.33 32-32v-32c0-17.67-14.33-32-32-32z\"><\/path><\/svg><\/span>\n\t\t<\/span>\n\n\t\t\t\t\t\t<\/summary>\n\t\t\t\t<div role=\"region\" aria-labelledby=\"e-n-accordion-item-6472\" class=\"elementor-element elementor-element-0bc28a2 e-con-full e-flex e-con e-child\" data-id=\"0bc28a2\" data-element_type=\"container\" data-e-type=\"container\">\n\t\t\t\t<div class=\"elementor-element elementor-element-156470c elementor-widget elementor-widget-text-editor\" data-id=\"156470c\" data-element_type=\"widget\" data-e-type=\"widget\" data-widget_type=\"text-editor.default\">\n\t\t\t\t\t\t\t\t\t<p>Svaki predmet zahteva prilago\u0111eno istra\u017eivanje i strategiju. Sa ekspertizom u svim oblastima sudskih sporova, zastupamo klijente pred sudovima u Srbiji i inostranstvu, uklju\u010duju\u0107i i Sud pravde Evropske unije. Na\u0161 tim uklju\u010duje biv\u0161e sudske slu\u017ebenike sa dubokim procesnim znanjem, \u0161to nam omogu\u0107ava da efikasno planiramo i vodimo postupke.<\/p>\n<p>Upravljanje predmetima obuhvata:<\/p>\n<ul>\n<li>Strate\u0161ko i prilagodljivo planiranje vo\u0111enja spora<\/li>\n<li>Raspodelu resursa prilago\u0111enu svakom predmetu<\/li>\n<li>Efikasnu i inovativnu pripremu uz kori\u0161\u0107enje specijalisti\u010dkog znanja<\/li>\n<\/ul>\n\t\t\t\t\t\t\t\t<\/div>\n\t\t\t\t<\/div>\n\t\t\t\t\t<\/details>\n\t\t\t\t\t\t<details id=\"e-n-accordion-item-6473\" class=\"e-n-accordion-item\" >\n\t\t\t\t<summary class=\"e-n-accordion-item-title\" data-accordion-index=\"4\" tabindex=\"-1\" aria-expanded=\"false\" aria-controls=\"e-n-accordion-item-6473\" >\n\t\t\t\t\t<span class='e-n-accordion-item-title-header'><div class=\"e-n-accordion-item-title-text\"> Arbitra\u017eni postupci <\/div><\/span>\n\t\t\t\t\t\t\t<span class='e-n-accordion-item-title-icon'>\n\t\t\t<span class='e-opened' ><svg aria-hidden=\"true\" class=\"e-font-icon-svg e-fas-minus\" viewBox=\"0 0 448 512\" xmlns=\"http:\/\/www.w3.org\/2000\/svg\"><path d=\"M416 208H32c-17.67 0-32 14.33-32 32v32c0 17.67 14.33 32 32 32h384c17.67 0 32-14.33 32-32v-32c0-17.67-14.33-32-32-32z\"><\/path><\/svg><\/span>\n\t\t\t<span class='e-closed'><svg aria-hidden=\"true\" class=\"e-font-icon-svg e-fas-plus\" viewBox=\"0 0 448 512\" xmlns=\"http:\/\/www.w3.org\/2000\/svg\"><path d=\"M416 208H272V64c0-17.67-14.33-32-32-32h-32c-17.67 0-32 14.33-32 32v144H32c-17.67 0-32 14.33-32 32v32c0 17.67 14.33 32 32 32h144v144c0 17.67 14.33 32 32 32h32c17.67 0 32-14.33 32-32V304h144c17.67 0 32-14.33 32-32v-32c0-17.67-14.33-32-32-32z\"><\/path><\/svg><\/span>\n\t\t<\/span>\n\n\t\t\t\t\t\t<\/summary>\n\t\t\t\t<div role=\"region\" aria-labelledby=\"e-n-accordion-item-6473\" class=\"elementor-element elementor-element-8198c53 e-con-full e-flex e-con e-child\" data-id=\"8198c53\" data-element_type=\"container\" data-e-type=\"container\">\n\t\t\t\t<div class=\"elementor-element elementor-element-7c59fb5 elementor-widget elementor-widget-text-editor\" data-id=\"7c59fb5\" data-element_type=\"widget\" data-e-type=\"widget\" data-widget_type=\"text-editor.default\">\n\t\t\t\t\t\t\t\t\t<p>Priprema sna\u017enog arbitra\u017enog predmeta je od klju\u010dnog zna\u010daja, budu\u0107i da su arbitra\u017ene odluke kona\u010dne. Iskustvo na\u0161ih advokata kao arbitara pru\u017ea im jedinstven uvid za predvi\u0111anje poteza suprotne strane i kreiranje efikasnih strategija. Tako\u0111e poma\u017eemo u izboru arbitra\u017enih ve\u0107a koja najbolje odgovaraju interesima na\u0161ih klijenata.<\/p>\n<p>Na\u0161 pristup obuhvata:<\/p>\n<ul>\n<li>Izbor odgovaraju\u0107eg arbitra\u017enog ve\u0107a<\/li>\n<li>Jasnu i prilagodljivu strategiju<\/li>\n<li>Prilago\u0111enu raspodelu resursa<\/li>\n<li>Efikasnu i stru\u010dnu pripremu predmeta<\/li>\n<\/ul>\n\t\t\t\t\t\t\t\t<\/div>\n\t\t\t\t<\/div>\n\t\t\t\t\t<\/details>\n\t\t\t\t\t<\/div>\n\t\t\t\t\t\t<\/div>\n\t\t\t\t<\/div>\n\t\t<div class=\"elementor-element elementor-element-3a7ac6fe e-con-full e-flex e-con e-child\" data-id=\"3a7ac6fe\" data-element_type=\"container\" data-e-type=\"container\">\n\t\t<div class=\"elementor-element elementor-element-74cbec1 e-con-full e-flex e-con e-child\" data-id=\"74cbec1\" data-element_type=\"container\" data-e-type=\"container\" data-settings=\"{&quot;background_background&quot;:&quot;classic&quot;,&quot;sticky&quot;:&quot;top&quot;,&quot;sticky_offset&quot;:100,&quot;sticky_parent&quot;:&quot;yes&quot;,&quot;sticky_on&quot;:[&quot;desktop&quot;,&quot;tablet&quot;,&quot;mobile&quot;],&quot;sticky_effects_offset&quot;:0,&quot;sticky_anchor_link_offset&quot;:0}\">\n\t\t\t\t<div class=\"elementor-element elementor-element-66b1487e elementor-widget elementor-widget-heading\" data-id=\"66b1487e\" data-element_type=\"widget\" data-e-type=\"widget\" data-widget_type=\"heading.default\">\n\t\t\t\t\t<h2 class=\"elementor-heading-title elementor-size-default\"><a href=\"https:\/\/ivvk.rs\/sr\/ekspertize\/#practices\">Oblasti prakse<\/a><\/h2>\t\t\t\t<\/div>\n\t\t\t\t<div class=\"elementor-element elementor-element-4ee33e27 elementor-widget-divider--view-line elementor-widget elementor-widget-divider\" data-id=\"4ee33e27\" data-element_type=\"widget\" data-e-type=\"widget\" data-widget_type=\"divider.default\">\n\t\t\t\t\t\t\t<div class=\"elementor-divider\">\n\t\t\t<span class=\"elementor-divider-separator\">\n\t\t\t\t\t\t<\/span>\n\t\t<\/div>\n\t\t\t\t\t\t<\/div>\n\t\t\t\t<div class=\"elementor-element elementor-element-20f4a120 elementor-nav-menu--dropdown-none elementor-widget elementor-widget-nav-menu\" data-id=\"20f4a120\" data-element_type=\"widget\" data-e-type=\"widget\" data-settings=\"{&quot;layout&quot;:&quot;vertical&quot;,&quot;submenu_icon&quot;:{&quot;value&quot;:&quot;&lt;svg aria-hidden=\\&quot;true\\&quot; class=\\&quot;e-font-icon-svg e-fas-caret-down\\&quot; viewBox=\\&quot;0 0 320 512\\&quot; xmlns=\\&quot;http:\\\/\\\/www.w3.org\\\/2000\\\/svg\\&quot;&gt;&lt;path d=\\&quot;M31.3 192h257.3c17.8 0 26.7 21.5 14.1 34.1L174.1 354.8c-7.8 7.8-20.5 7.8-28.3 0L17.2 226.1C4.6 213.5 13.5 192 31.3 192z\\&quot;&gt;&lt;\\\/path&gt;&lt;\\\/svg&gt;&quot;,&quot;library&quot;:&quot;fa-solid&quot;}}\" data-widget_type=\"nav-menu.default\">\n\t\t\t\t\t\t\t\t<nav aria-label=\"Menu\" class=\"elementor-nav-menu--main elementor-nav-menu__container elementor-nav-menu--layout-vertical e--pointer-underline e--animation-fade\">\n\t\t\t\t<ul id=\"menu-1-20f4a120\" class=\"elementor-nav-menu sm-vertical\"><li class=\"menu-item menu-item-type-post_type menu-item-object-page menu-item-325\"><a href=\"https:\/\/ivvk.rs\/expertises\/banking-and-finance\/\" class=\"elementor-item\">Bankarstvo i finansije<\/a><\/li>\n<li class=\"menu-item menu-item-type-post_type menu-item-object-page menu-item-326\"><a href=\"https:\/\/ivvk.rs\/expertises\/construction-infrastructure-and-real-estate\/\" class=\"elementor-item\">Gra\u0111evinarstvo, infrastruktura i nekretnine<\/a><\/li>\n<li class=\"menu-item menu-item-type-post_type menu-item-object-page menu-item-328\"><a href=\"https:\/\/ivvk.rs\/expertises\/data-protection\/\" class=\"elementor-item\">Za\u0161tita podataka<\/a><\/li>\n<li class=\"menu-item menu-item-type-post_type menu-item-object-page menu-item-327\"><a href=\"https:\/\/ivvk.rs\/expertises\/corporate-and-commercial-law\/\" class=\"elementor-item\">Korporativno i privredno pravo<\/a><\/li>\n<li class=\"menu-item menu-item-type-post_type menu-item-object-page menu-item-329\"><a href=\"https:\/\/ivvk.rs\/expertises\/disputes\/\" class=\"elementor-item\">Sporovi<\/a><\/li>\n<li class=\"menu-item menu-item-type-post_type menu-item-object-page menu-item-2195\"><a href=\"https:\/\/ivvk.rs\/expertises\/intellectual-property\/\" class=\"elementor-item\">Intelektualna svojina<\/a><\/li>\n<li class=\"menu-item menu-item-type-post_type menu-item-object-page menu-item-330\"><a href=\"https:\/\/ivvk.rs\/expertises\/employment\/\" class=\"elementor-item\">Radno pravo<\/a><\/li>\n<li class=\"menu-item menu-item-type-post_type menu-item-object-page menu-item-331\"><a href=\"https:\/\/ivvk.rs\/expertises\/tax\/\" class=\"elementor-item\">Porezi<\/a><\/li>\n<\/ul>\t\t\t<\/nav>\n\t\t\t\t\t\t<nav class=\"elementor-nav-menu--dropdown elementor-nav-menu__container\" aria-hidden=\"true\">\n\t\t\t\t<ul id=\"menu-2-20f4a120\" class=\"elementor-nav-menu sm-vertical\"><li class=\"menu-item menu-item-type-post_type menu-item-object-page menu-item-325\"><a href=\"https:\/\/ivvk.rs\/expertises\/banking-and-finance\/\" class=\"elementor-item\" tabindex=\"-1\">Bankarstvo i finansije<\/a><\/li>\n<li class=\"menu-item menu-item-type-post_type menu-item-object-page menu-item-326\"><a href=\"https:\/\/ivvk.rs\/expertises\/construction-infrastructure-and-real-estate\/\" class=\"elementor-item\" tabindex=\"-1\">Gra\u0111evinarstvo, infrastruktura i nekretnine<\/a><\/li>\n<li class=\"menu-item menu-item-type-post_type menu-item-object-page menu-item-328\"><a href=\"https:\/\/ivvk.rs\/expertises\/data-protection\/\" class=\"elementor-item\" tabindex=\"-1\">Za\u0161tita podataka<\/a><\/li>\n<li class=\"menu-item menu-item-type-post_type menu-item-object-page menu-item-327\"><a href=\"https:\/\/ivvk.rs\/expertises\/corporate-and-commercial-law\/\" class=\"elementor-item\" tabindex=\"-1\">Korporativno i privredno pravo<\/a><\/li>\n<li class=\"menu-item menu-item-type-post_type menu-item-object-page menu-item-329\"><a href=\"https:\/\/ivvk.rs\/expertises\/disputes\/\" class=\"elementor-item\" tabindex=\"-1\">Sporovi<\/a><\/li>\n<li class=\"menu-item menu-item-type-post_type menu-item-object-page menu-item-2195\"><a href=\"https:\/\/ivvk.rs\/expertises\/intellectual-property\/\" class=\"elementor-item\" tabindex=\"-1\">Intelektualna svojina<\/a><\/li>\n<li class=\"menu-item menu-item-type-post_type menu-item-object-page menu-item-330\"><a href=\"https:\/\/ivvk.rs\/expertises\/employment\/\" class=\"elementor-item\" tabindex=\"-1\">Radno pravo<\/a><\/li>\n<li class=\"menu-item menu-item-type-post_type menu-item-object-page menu-item-331\"><a href=\"https:\/\/ivvk.rs\/expertises\/tax\/\" class=\"elementor-item\" tabindex=\"-1\">Porezi<\/a><\/li>\n<\/ul>\t\t\t<\/nav>\n\t\t\t\t\t\t<\/div>\n\t\t\t\t<\/div>\n\t\t\t\t<\/div>\n\t\t\t\t\t<\/div>\n\t\t\t\t<\/div>\n\t\t<div class=\"elementor-element elementor-element-546fc21b e-flex e-con-boxed e-con e-parent\" data-id=\"546fc21b\" data-element_type=\"container\" data-e-type=\"container\" data-settings=\"{&quot;background_background&quot;:&quot;classic&quot;}\">\n\t\t\t\t\t<div class=\"e-con-inner\">\n\t\t\t\t<div class=\"elementor-element elementor-element-702f2dd3 elementor-grid-3 elementor-grid-tablet-2 elementor-grid-mobile-1 elementor-widget elementor-widget-loop-grid\" data-id=\"702f2dd3\" data-element_type=\"widget\" data-e-type=\"widget\" data-settings=\"{&quot;template_id&quot;:3255,&quot;_skin&quot;:&quot;post&quot;,&quot;columns&quot;:&quot;3&quot;,&quot;columns_tablet&quot;:&quot;2&quot;,&quot;columns_mobile&quot;:&quot;1&quot;,&quot;edit_handle_selector&quot;:&quot;[data-elementor-type=\\&quot;loop-item\\&quot;]&quot;,&quot;row_gap&quot;:{&quot;unit&quot;:&quot;px&quot;,&quot;size&quot;:&quot;&quot;,&quot;sizes&quot;:[]},&quot;row_gap_tablet&quot;:{&quot;unit&quot;:&quot;px&quot;,&quot;size&quot;:&quot;&quot;,&quot;sizes&quot;:[]},&quot;row_gap_mobile&quot;:{&quot;unit&quot;:&quot;px&quot;,&quot;size&quot;:&quot;&quot;,&quot;sizes&quot;:[]}}\" data-widget_type=\"loop-grid.post\">\n\t\t\t\t<div class=\"elementor-widget-container\">\n\t\t\t\t\t\t\t<div class=\"e-loop-nothing-found-message\">\n\t\t<\/div>\n\t\t\t\t\t\t<\/div>\n\t\t\t\t<\/div>\n\t\t\t\t\t<\/div>\n\t\t\t\t<\/div>\n\t\t\t\t<\/div>\n\t\t","protected":false},"excerpt":{"rendered":"<p>Sporovi Imamo bogato iskustvo u zastupanju klijenata pred sudovima u Srbiji, uklju\u010duju\u0107i i Vrhovni sud. Na\u0161 tim vodi slo\u017eene predmete uz strate\u0161ki pristup i temeljno pripremljene argumente, vode\u0107i ra\u010duna o svim \u010dinjenicama i poslovnim aspektima. Kao advokatska kancelarija specijalizovana za NPL-ove, trenutno vodimo preko 200.000 predmeta, \u0161to nas svrstava me\u0111u vode\u0107e kancelarije u ovoj oblasti. [&hellip;]<\/p>\n","protected":false},"author":1,"featured_media":0,"parent":3011,"menu_order":0,"comment_status":"closed","ping_status":"closed","template":"","meta":{"_acf_changed":false,"footnotes":""},"coauthors":[28],"class_list":["post-2985","page","type-page","status-publish","hentry"],"acf":[],"_links":{"self":[{"href":"https:\/\/ivvk.rs\/sr\/wp-json\/wp\/v2\/pages\/2985","targetHints":{"allow":["GET"]}}],"collection":[{"href":"https:\/\/ivvk.rs\/sr\/wp-json\/wp\/v2\/pages"}],"about":[{"href":"https:\/\/ivvk.rs\/sr\/wp-json\/wp\/v2\/types\/page"}],"author":[{"embeddable":true,"href":"https:\/\/ivvk.rs\/sr\/wp-json\/wp\/v2\/users\/1"}],"replies":[{"embeddable":true,"href":"https:\/\/ivvk.rs\/sr\/wp-json\/wp\/v2\/comments?post=2985"}],"version-history":[{"count":2,"href":"https:\/\/ivvk.rs\/sr\/wp-json\/wp\/v2\/pages\/2985\/revisions"}],"predecessor-version":[{"id":3017,"href":"https:\/\/ivvk.rs\/sr\/wp-json\/wp\/v2\/pages\/2985\/revisions\/3017"}],"up":[{"embeddable":true,"href":"https:\/\/ivvk.rs\/sr\/wp-json\/wp\/v2\/pages\/3011"}],"wp:attachment":[{"href":"https:\/\/ivvk.rs\/sr\/wp-json\/wp\/v2\/media?parent=2985"}],"wp:term":[{"taxonomy":"author","embeddable":true,"href":"https:\/\/ivvk.rs\/sr\/wp-json\/wp\/v2\/coauthors?post=2985"}],"curies":[{"name":"wp","href":"https:\/\/api.w.org\/{rel}","templated":true}]}}