{"id":2982,"date":"2025-05-10T10:50:23","date_gmt":"2025-05-10T10:50:23","guid":{"rendered":"https:\/\/ivvk.rs\/zastita-podataka\/"},"modified":"2026-03-21T18:32:13","modified_gmt":"2026-03-21T18:32:13","slug":"zastita-podataka","status":"publish","type":"page","link":"https:\/\/ivvk.rs\/sr\/ekspertize\/zastita-podataka\/","title":{"rendered":"Za\u0161tita podataka"},"content":{"rendered":"\t\t<div data-elementor-type=\"wp-page\" data-elementor-id=\"2982\" class=\"elementor elementor-2982 elementor-54\" data-elementor-post-type=\"page\">\n\t\t\t\t<div class=\"elementor-element elementor-element-42bebc16 e-flex e-con-boxed e-con e-parent\" data-id=\"42bebc16\" data-element_type=\"container\" data-e-type=\"container\" data-settings=\"{&quot;background_background&quot;:&quot;classic&quot;}\">\n\t\t\t\t\t<div class=\"e-con-inner\">\n\t\t\t\t<div class=\"elementor-element elementor-element-6a7240d3 elementor-widget elementor-widget-heading\" data-id=\"6a7240d3\" data-element_type=\"widget\" data-e-type=\"widget\" data-widget_type=\"heading.default\">\n\t\t\t\t\t<h1 class=\"elementor-heading-title elementor-size-default\">Za\u0161tita podataka<\/h1>\t\t\t\t<\/div>\n\t\t\t\t<div class=\"elementor-element elementor-element-375eaccc elementor-widget elementor-widget-shortcode\" data-id=\"375eaccc\" data-element_type=\"widget\" data-e-type=\"widget\" data-widget_type=\"shortcode.default\">\n\t\t\t\t\t\t\t<div class=\"elementor-shortcode\"><nav aria-label=\"breadcrumbs\" class=\"rank-math-breadcrumb\"><p><span class=\"last\">Po\u010detna<\/span><\/p><\/nav><\/div>\n\t\t\t\t\t\t<\/div>\n\t\t\t\t\t<\/div>\n\t\t\t\t<\/div>\n\t\t<div class=\"elementor-element elementor-element-f75d09d e-flex e-con-boxed e-con e-parent\" data-id=\"f75d09d\" data-element_type=\"container\" data-e-type=\"container\">\n\t\t\t\t\t<div class=\"e-con-inner\">\n\t\t<div class=\"elementor-element elementor-element-55cf5979 e-con-full e-flex e-con e-child\" data-id=\"55cf5979\" data-element_type=\"container\" data-e-type=\"container\">\n\t\t\t\t<div class=\"elementor-element elementor-element-194230be elementor-widget elementor-widget-image\" data-id=\"194230be\" data-element_type=\"widget\" data-e-type=\"widget\" data-widget_type=\"image.default\">\n\t\t\t\t\t\t\t\t\t\t\t\t\t\t\t<img fetchpriority=\"high\" decoding=\"async\" width=\"800\" height=\"640\" src=\"https:\/\/ivvk.rs\/wp-content\/uploads\/2025\/08\/IVVK-Lawyers-Data-Protection.webp\" class=\"attachment-large size-large wp-image-2981\" alt=\"IVVK Lawyers \u2013 Za\u0161tita podataka\" srcset=\"https:\/\/ivvk.rs\/wp-content\/uploads\/2025\/08\/IVVK-Lawyers-Data-Protection.webp 1000w, https:\/\/ivvk.rs\/wp-content\/uploads\/2025\/08\/IVVK-Lawyers-Data-Protection-300x240.webp 300w, https:\/\/ivvk.rs\/wp-content\/uploads\/2025\/08\/IVVK-Lawyers-Data-Protection-768x614.webp 768w\" sizes=\"(max-width: 800px) 100vw, 800px\" \/>\t\t\t\t\t\t\t\t\t\t\t\t\t\t\t<\/div>\n\t\t\t\t<div class=\"elementor-element elementor-element-492e31bb elementor-widget elementor-widget-text-editor\" data-id=\"492e31bb\" data-element_type=\"widget\" data-e-type=\"widget\" data-widget_type=\"text-editor.default\">\n\t\t\t\t\t\t\t\t\t<p>Svet je digitalan, a sa tim dolaze i rizici. Na\u0161i stru\u010dni advokati pru\u017eaju a\u017eurne savete u oblasti za\u0161tite podataka, poma\u017eu\u0107i kompanijama da za\u0161tite vredne informacije i smanje izlo\u017eenost sajber pretnjama. U okviru na\u0161e kancelarije dostupna su \u010detiri licencirana DPO slu\u017ebenika koji pru\u017eaju podr\u0161ku na\u0161im klijentima.<\/p>\n\t\t\t\t\t\t\t\t<\/div>\n\t\t\t\t<\/div>\n\t\t<div class=\"elementor-element elementor-element-ba223f7 e-con-full e-flex e-con e-child\" data-id=\"ba223f7\" data-element_type=\"container\" data-e-type=\"container\">\n\t\t<div class=\"elementor-element elementor-element-438acc11 e-con-full e-flex e-con e-child\" data-id=\"438acc11\" data-element_type=\"container\" data-e-type=\"container\" data-settings=\"{&quot;background_background&quot;:&quot;classic&quot;,&quot;sticky&quot;:&quot;top&quot;,&quot;sticky_offset&quot;:100,&quot;sticky_parent&quot;:&quot;yes&quot;,&quot;sticky_on&quot;:[&quot;desktop&quot;,&quot;tablet&quot;,&quot;mobile&quot;],&quot;sticky_effects_offset&quot;:0,&quot;sticky_anchor_link_offset&quot;:0}\">\n\t\t\t\t<div class=\"elementor-element elementor-element-4167d0d8 elementor-widget elementor-widget-heading\" data-id=\"4167d0d8\" data-element_type=\"widget\" data-e-type=\"widget\" data-widget_type=\"heading.default\">\n\t\t\t\t\t<h2 class=\"elementor-heading-title elementor-size-default\"><a href=\"https:\/\/ivvk.rs\/sr\/ekspertize\/#practices\">Oblasti prakse<\/a><\/h2>\t\t\t\t<\/div>\n\t\t\t\t<div class=\"elementor-element elementor-element-335ba2f2 elementor-widget-divider--view-line elementor-widget elementor-widget-divider\" data-id=\"335ba2f2\" data-element_type=\"widget\" data-e-type=\"widget\" data-widget_type=\"divider.default\">\n\t\t\t\t\t\t\t<div class=\"elementor-divider\">\n\t\t\t<span class=\"elementor-divider-separator\">\n\t\t\t\t\t\t<\/span>\n\t\t<\/div>\n\t\t\t\t\t\t<\/div>\n\t\t\t\t<div class=\"elementor-element elementor-element-61df678 elementor-nav-menu--dropdown-none elementor-widget elementor-widget-nav-menu\" data-id=\"61df678\" data-element_type=\"widget\" data-e-type=\"widget\" data-settings=\"{&quot;layout&quot;:&quot;vertical&quot;,&quot;submenu_icon&quot;:{&quot;value&quot;:&quot;&lt;svg aria-hidden=\\&quot;true\\&quot; class=\\&quot;e-font-icon-svg e-fas-caret-down\\&quot; viewBox=\\&quot;0 0 320 512\\&quot; xmlns=\\&quot;http:\\\/\\\/www.w3.org\\\/2000\\\/svg\\&quot;&gt;&lt;path d=\\&quot;M31.3 192h257.3c17.8 0 26.7 21.5 14.1 34.1L174.1 354.8c-7.8 7.8-20.5 7.8-28.3 0L17.2 226.1C4.6 213.5 13.5 192 31.3 192z\\&quot;&gt;&lt;\\\/path&gt;&lt;\\\/svg&gt;&quot;,&quot;library&quot;:&quot;fa-solid&quot;}}\" data-widget_type=\"nav-menu.default\">\n\t\t\t\t\t\t\t\t<nav aria-label=\"Menu\" class=\"elementor-nav-menu--main elementor-nav-menu__container elementor-nav-menu--layout-vertical e--pointer-underline e--animation-fade\">\n\t\t\t\t<ul id=\"menu-1-61df678\" class=\"elementor-nav-menu sm-vertical\"><li class=\"menu-item menu-item-type-post_type menu-item-object-page menu-item-325\"><a href=\"https:\/\/ivvk.rs\/expertises\/banking-and-finance\/\" class=\"elementor-item\">Bankarstvo i finansije<\/a><\/li>\n<li class=\"menu-item menu-item-type-post_type menu-item-object-page menu-item-326\"><a href=\"https:\/\/ivvk.rs\/expertises\/construction-infrastructure-and-real-estate\/\" class=\"elementor-item\">Gra\u0111evinarstvo, infrastruktura i nekretnine<\/a><\/li>\n<li class=\"menu-item menu-item-type-post_type menu-item-object-page menu-item-328\"><a href=\"https:\/\/ivvk.rs\/expertises\/data-protection\/\" class=\"elementor-item\">Za\u0161tita podataka<\/a><\/li>\n<li class=\"menu-item menu-item-type-post_type menu-item-object-page menu-item-327\"><a href=\"https:\/\/ivvk.rs\/expertises\/corporate-and-commercial-law\/\" class=\"elementor-item\">Korporativno i privredno pravo<\/a><\/li>\n<li class=\"menu-item menu-item-type-post_type menu-item-object-page menu-item-329\"><a href=\"https:\/\/ivvk.rs\/expertises\/disputes\/\" class=\"elementor-item\">Sporovi<\/a><\/li>\n<li class=\"menu-item menu-item-type-post_type menu-item-object-page menu-item-2195\"><a href=\"https:\/\/ivvk.rs\/expertises\/intellectual-property\/\" class=\"elementor-item\">Intelektualna svojina<\/a><\/li>\n<li class=\"menu-item menu-item-type-post_type menu-item-object-page menu-item-330\"><a href=\"https:\/\/ivvk.rs\/expertises\/employment\/\" class=\"elementor-item\">Radno pravo<\/a><\/li>\n<li class=\"menu-item menu-item-type-post_type menu-item-object-page menu-item-331\"><a href=\"https:\/\/ivvk.rs\/expertises\/tax\/\" class=\"elementor-item\">Porezi<\/a><\/li>\n<\/ul>\t\t\t<\/nav>\n\t\t\t\t\t\t<nav class=\"elementor-nav-menu--dropdown elementor-nav-menu__container\" aria-hidden=\"true\">\n\t\t\t\t<ul id=\"menu-2-61df678\" class=\"elementor-nav-menu sm-vertical\"><li class=\"menu-item menu-item-type-post_type menu-item-object-page menu-item-325\"><a href=\"https:\/\/ivvk.rs\/expertises\/banking-and-finance\/\" class=\"elementor-item\" tabindex=\"-1\">Bankarstvo i finansije<\/a><\/li>\n<li class=\"menu-item menu-item-type-post_type menu-item-object-page menu-item-326\"><a href=\"https:\/\/ivvk.rs\/expertises\/construction-infrastructure-and-real-estate\/\" class=\"elementor-item\" tabindex=\"-1\">Gra\u0111evinarstvo, infrastruktura i nekretnine<\/a><\/li>\n<li class=\"menu-item menu-item-type-post_type menu-item-object-page menu-item-328\"><a href=\"https:\/\/ivvk.rs\/expertises\/data-protection\/\" class=\"elementor-item\" tabindex=\"-1\">Za\u0161tita podataka<\/a><\/li>\n<li class=\"menu-item menu-item-type-post_type menu-item-object-page menu-item-327\"><a href=\"https:\/\/ivvk.rs\/expertises\/corporate-and-commercial-law\/\" class=\"elementor-item\" tabindex=\"-1\">Korporativno i privredno pravo<\/a><\/li>\n<li class=\"menu-item menu-item-type-post_type menu-item-object-page menu-item-329\"><a href=\"https:\/\/ivvk.rs\/expertises\/disputes\/\" class=\"elementor-item\" tabindex=\"-1\">Sporovi<\/a><\/li>\n<li class=\"menu-item menu-item-type-post_type menu-item-object-page menu-item-2195\"><a href=\"https:\/\/ivvk.rs\/expertises\/intellectual-property\/\" class=\"elementor-item\" tabindex=\"-1\">Intelektualna svojina<\/a><\/li>\n<li class=\"menu-item menu-item-type-post_type menu-item-object-page menu-item-330\"><a href=\"https:\/\/ivvk.rs\/expertises\/employment\/\" class=\"elementor-item\" tabindex=\"-1\">Radno pravo<\/a><\/li>\n<li class=\"menu-item menu-item-type-post_type menu-item-object-page menu-item-331\"><a href=\"https:\/\/ivvk.rs\/expertises\/tax\/\" class=\"elementor-item\" tabindex=\"-1\">Porezi<\/a><\/li>\n<\/ul>\t\t\t<\/nav>\n\t\t\t\t\t\t<\/div>\n\t\t\t\t<\/div>\n\t\t\t\t<\/div>\n\t\t\t\t\t<\/div>\n\t\t\t\t<\/div>\n\t\t<div class=\"elementor-element elementor-element-6bdfd4c7 e-flex e-con-boxed e-con e-parent\" data-id=\"6bdfd4c7\" data-element_type=\"container\" data-e-type=\"container\" data-settings=\"{&quot;background_background&quot;:&quot;classic&quot;}\">\n\t\t\t\t\t<div class=\"e-con-inner\">\n\t\t\t\t<div class=\"elementor-element elementor-element-4864d898 elementor-grid-3 elementor-grid-tablet-2 elementor-grid-mobile-1 elementor-widget elementor-widget-loop-grid\" data-id=\"4864d898\" data-element_type=\"widget\" data-e-type=\"widget\" data-settings=\"{&quot;template_id&quot;:3255,&quot;_skin&quot;:&quot;post&quot;,&quot;columns&quot;:&quot;3&quot;,&quot;columns_tablet&quot;:&quot;2&quot;,&quot;columns_mobile&quot;:&quot;1&quot;,&quot;edit_handle_selector&quot;:&quot;[data-elementor-type=\\&quot;loop-item\\&quot;]&quot;,&quot;row_gap&quot;:{&quot;unit&quot;:&quot;px&quot;,&quot;size&quot;:&quot;&quot;,&quot;sizes&quot;:[]},&quot;row_gap_tablet&quot;:{&quot;unit&quot;:&quot;px&quot;,&quot;size&quot;:&quot;&quot;,&quot;sizes&quot;:[]},&quot;row_gap_mobile&quot;:{&quot;unit&quot;:&quot;px&quot;,&quot;size&quot;:&quot;&quot;,&quot;sizes&quot;:[]}}\" data-widget_type=\"loop-grid.post\">\n\t\t\t\t<div class=\"elementor-widget-container\">\n\t\t\t\t\t\t\t<div class=\"e-loop-nothing-found-message\">\n\t\t<\/div>\n\t\t\t\t\t\t<\/div>\n\t\t\t\t<\/div>\n\t\t\t\t\t<\/div>\n\t\t\t\t<\/div>\n\t\t\t\t<\/div>\n\t\t","protected":false},"excerpt":{"rendered":"<p>Za\u0161tita podataka Svet je digitalan, a sa tim dolaze i rizici. Na\u0161i stru\u010dni advokati pru\u017eaju a\u017eurne savete u oblasti za\u0161tite podataka, poma\u017eu\u0107i kompanijama da za\u0161tite vredne informacije i smanje izlo\u017eenost sajber pretnjama. U okviru na\u0161e kancelarije dostupna su \u010detiri licencirana DPO slu\u017ebenika koji pru\u017eaju podr\u0161ku na\u0161im klijentima. Oblasti prakse<\/p>\n","protected":false},"author":1,"featured_media":0,"parent":3011,"menu_order":0,"comment_status":"closed","ping_status":"closed","template":"","meta":{"_acf_changed":false,"footnotes":""},"coauthors":[28],"class_list":["post-2982","page","type-page","status-publish","hentry"],"acf":[],"_links":{"self":[{"href":"https:\/\/ivvk.rs\/sr\/wp-json\/wp\/v2\/pages\/2982","targetHints":{"allow":["GET"]}}],"collection":[{"href":"https:\/\/ivvk.rs\/sr\/wp-json\/wp\/v2\/pages"}],"about":[{"href":"https:\/\/ivvk.rs\/sr\/wp-json\/wp\/v2\/types\/page"}],"author":[{"embeddable":true,"href":"https:\/\/ivvk.rs\/sr\/wp-json\/wp\/v2\/users\/1"}],"replies":[{"embeddable":true,"href":"https:\/\/ivvk.rs\/sr\/wp-json\/wp\/v2\/comments?post=2982"}],"version-history":[{"count":2,"href":"https:\/\/ivvk.rs\/sr\/wp-json\/wp\/v2\/pages\/2982\/revisions"}],"predecessor-version":[{"id":3016,"href":"https:\/\/ivvk.rs\/sr\/wp-json\/wp\/v2\/pages\/2982\/revisions\/3016"}],"up":[{"embeddable":true,"href":"https:\/\/ivvk.rs\/sr\/wp-json\/wp\/v2\/pages\/3011"}],"wp:attachment":[{"href":"https:\/\/ivvk.rs\/sr\/wp-json\/wp\/v2\/media?parent=2982"}],"wp:term":[{"taxonomy":"author","embeddable":true,"href":"https:\/\/ivvk.rs\/sr\/wp-json\/wp\/v2\/coauthors?post=2982"}],"curies":[{"name":"wp","href":"https:\/\/api.w.org\/{rel}","templated":true}]}}