{"id":2975,"date":"2025-05-10T11:01:23","date_gmt":"2025-05-10T11:01:23","guid":{"rendered":"https:\/\/ivvk.rs\/gradjevinarstvo\/"},"modified":"2026-03-21T18:32:14","modified_gmt":"2026-03-21T18:32:14","slug":"gradjevinarstvo","status":"publish","type":"page","link":"https:\/\/ivvk.rs\/sr\/ekspertize\/gradjevinarstvo\/","title":{"rendered":"Gra\u0111evinarstvo"},"content":{"rendered":"\t\t<div data-elementor-type=\"wp-page\" data-elementor-id=\"2975\" class=\"elementor elementor-2975 elementor-68\" data-elementor-post-type=\"page\">\n\t\t\t\t<div class=\"elementor-element elementor-element-627e7e23 e-flex e-con-boxed e-con e-parent\" data-id=\"627e7e23\" data-element_type=\"container\" data-e-type=\"container\" data-settings=\"{&quot;background_background&quot;:&quot;classic&quot;}\">\n\t\t\t\t\t<div class=\"e-con-inner\">\n\t\t\t\t<div class=\"elementor-element elementor-element-7df0c40c elementor-widget elementor-widget-heading\" data-id=\"7df0c40c\" data-element_type=\"widget\" data-e-type=\"widget\" data-widget_type=\"heading.default\">\n\t\t\t\t\t<h1 class=\"elementor-heading-title elementor-size-default\">Gra\u0111evinarstvo<\/h1>\t\t\t\t<\/div>\n\t\t\t\t<div class=\"elementor-element elementor-element-75c1b21c elementor-widget elementor-widget-shortcode\" data-id=\"75c1b21c\" data-element_type=\"widget\" data-e-type=\"widget\" data-widget_type=\"shortcode.default\">\n\t\t\t\t\t\t\t<div class=\"elementor-shortcode\"><nav aria-label=\"breadcrumbs\" class=\"rank-math-breadcrumb\"><p><span class=\"last\">Po\u010detna<\/span><\/p><\/nav><\/div>\n\t\t\t\t\t\t<\/div>\n\t\t\t\t\t<\/div>\n\t\t\t\t<\/div>\n\t\t<div class=\"elementor-element elementor-element-773a155c e-flex e-con-boxed e-con e-parent\" data-id=\"773a155c\" data-element_type=\"container\" data-e-type=\"container\">\n\t\t\t\t\t<div class=\"e-con-inner\">\n\t\t<div class=\"elementor-element elementor-element-731bb5e9 e-con-full e-flex e-con e-child\" data-id=\"731bb5e9\" data-element_type=\"container\" data-e-type=\"container\">\n\t\t\t\t<div class=\"elementor-element elementor-element-1c1ccd7 elementor-widget elementor-widget-image\" data-id=\"1c1ccd7\" data-element_type=\"widget\" data-e-type=\"widget\" data-widget_type=\"image.default\">\n\t\t\t\t\t\t\t\t\t\t\t\t\t\t\t<img fetchpriority=\"high\" decoding=\"async\" width=\"800\" height=\"640\" src=\"https:\/\/ivvk.rs\/wp-content\/uploads\/2025\/08\/IVVK-Lawyers-Construction.webp\" class=\"attachment-large size-large wp-image-2974\" alt=\"IVVK Lawyers \u2013 Gra\u0111evinarstvo\" srcset=\"https:\/\/ivvk.rs\/wp-content\/uploads\/2025\/08\/IVVK-Lawyers-Construction.webp 1000w, https:\/\/ivvk.rs\/wp-content\/uploads\/2025\/08\/IVVK-Lawyers-Construction-300x240.webp 300w, https:\/\/ivvk.rs\/wp-content\/uploads\/2025\/08\/IVVK-Lawyers-Construction-768x614.webp 768w\" sizes=\"(max-width: 800px) 100vw, 800px\" \/>\t\t\t\t\t\t\t\t\t\t\t\t\t\t\t<\/div>\n\t\t\t\t<div class=\"elementor-element elementor-element-48e97243 elementor-widget elementor-widget-text-editor\" data-id=\"48e97243\" data-element_type=\"widget\" data-e-type=\"widget\" data-widget_type=\"text-editor.default\">\n\t\t\t\t\t\t\t\t\t<p>Blisko sara\u0111ujemo sa tehni\u010dkim i nabavnim timovima kako bismo obezbedili pravilnu realizaciju projekata i pru\u017eili prilago\u0111ena pravna re\u0161enja koja minimizuju rizik. Jedna od na\u0161ih klju\u010dnih prednosti je strukturiranje slo\u017eenih ugovornih aran\u017emana, uz pa\u017eljivo definisanje odredbi i tro\u0161kovnih modela kako bismo u potpunosti za\u0161titili interese klijenata i obezbedili re\u0161enja prilago\u0111ena konkretnom projektu.<\/p>\n<p>IVVK ima bogato iskustvo u \u0161irokom spektru projekata, uklju\u010duju\u0107i maloprodajne, komercijalne i stambene objekte, hotele, industrijska postrojenja, infrastrukturu i logistiku. Tako\u0111e posedujemo zna\u010dajno iskustvo u Greenfield i Brownfield projektima.<\/p>\n<p>Ponosni smo \u0161to smo jedna od retkih kancelarija sa dubinskim znanjem FIDIC regulative, obuhvataju\u0107i sve tipove FIDIC ugovora. Ovo nam omogu\u0107ava da pru\u017eimo vrhunsku podr\u0161ku na gra\u0111evinskim i infrastrukturnim projektima po me\u0111unarodnim standardima.<\/p>\n<p>Na\u0161e savetovanje obuhvata, ali nije ograni\u010deno na, slede\u0107e oblasti:<\/p>\n<ul>\n<li>FIDIC<\/li>\n<li>Javne nabavke<\/li>\n<li>Projektno finansiranje<\/li>\n<li>Gra\u0111evinske dozvole<\/li>\n<li>Sporove<\/li>\n<\/ul>\n<p>Jedan od na\u0161ih iskusnih advokata mo\u017ee vam pru\u017eiti podr\u0161ku u oblasti gra\u0111evinarstva.<\/p>\n\t\t\t\t\t\t\t\t<\/div>\n\t\t\t\t<\/div>\n\t\t<div class=\"elementor-element elementor-element-4cc23060 e-con-full e-flex e-con e-child\" data-id=\"4cc23060\" data-element_type=\"container\" data-e-type=\"container\">\n\t\t<div class=\"elementor-element elementor-element-7a57e877 e-con-full e-flex e-con e-child\" data-id=\"7a57e877\" data-element_type=\"container\" data-e-type=\"container\" data-settings=\"{&quot;background_background&quot;:&quot;classic&quot;,&quot;sticky&quot;:&quot;top&quot;,&quot;sticky_offset&quot;:100,&quot;sticky_parent&quot;:&quot;yes&quot;,&quot;sticky_on&quot;:[&quot;desktop&quot;,&quot;tablet&quot;,&quot;mobile&quot;],&quot;sticky_effects_offset&quot;:0,&quot;sticky_anchor_link_offset&quot;:0}\">\n\t\t\t\t<div class=\"elementor-element elementor-element-778513cc elementor-widget elementor-widget-heading\" data-id=\"778513cc\" data-element_type=\"widget\" data-e-type=\"widget\" data-widget_type=\"heading.default\">\n\t\t\t\t\t<h2 class=\"elementor-heading-title elementor-size-default\"><a href=\"https:\/\/ivvk.rs\/sr\/ekspertize\/#industries\">Industrije<\/a><\/h2>\t\t\t\t<\/div>\n\t\t\t\t<div class=\"elementor-element elementor-element-4f5f1829 elementor-widget-divider--view-line elementor-widget elementor-widget-divider\" data-id=\"4f5f1829\" data-element_type=\"widget\" data-e-type=\"widget\" data-widget_type=\"divider.default\">\n\t\t\t\t\t\t\t<div class=\"elementor-divider\">\n\t\t\t<span class=\"elementor-divider-separator\">\n\t\t\t\t\t\t<\/span>\n\t\t<\/div>\n\t\t\t\t\t\t<\/div>\n\t\t\t\t<div class=\"elementor-element elementor-element-39d24d74 elementor-nav-menu--dropdown-none elementor-widget elementor-widget-nav-menu\" data-id=\"39d24d74\" data-element_type=\"widget\" data-e-type=\"widget\" data-settings=\"{&quot;layout&quot;:&quot;vertical&quot;,&quot;submenu_icon&quot;:{&quot;value&quot;:&quot;&lt;svg aria-hidden=\\&quot;true\\&quot; class=\\&quot;e-font-icon-svg e-fas-caret-down\\&quot; viewBox=\\&quot;0 0 320 512\\&quot; xmlns=\\&quot;http:\\\/\\\/www.w3.org\\\/2000\\\/svg\\&quot;&gt;&lt;path d=\\&quot;M31.3 192h257.3c17.8 0 26.7 21.5 14.1 34.1L174.1 354.8c-7.8 7.8-20.5 7.8-28.3 0L17.2 226.1C4.6 213.5 13.5 192 31.3 192z\\&quot;&gt;&lt;\\\/path&gt;&lt;\\\/svg&gt;&quot;,&quot;library&quot;:&quot;fa-solid&quot;}}\" data-widget_type=\"nav-menu.default\">\n\t\t\t\t\t\t\t\t<nav aria-label=\"Menu\" class=\"elementor-nav-menu--main elementor-nav-menu__container elementor-nav-menu--layout-vertical e--pointer-underline e--animation-fade\">\n\t\t\t\t<ul id=\"menu-1-39d24d74\" class=\"elementor-nav-menu sm-vertical\"><li class=\"menu-item menu-item-type-post_type menu-item-object-page menu-item-334\"><a href=\"https:\/\/ivvk.rs\/expertises\/energy-and-natural-resources\/\" class=\"elementor-item\">Energetika i prirodni resursi<\/a><\/li>\n<li class=\"menu-item menu-item-type-post_type menu-item-object-page menu-item-335\"><a href=\"https:\/\/ivvk.rs\/expertises\/financial-institutions\/\" class=\"elementor-item\">Finansijske institucije<\/a><\/li>\n<li class=\"menu-item menu-item-type-post_type menu-item-object-page menu-item-333\"><a href=\"https:\/\/ivvk.rs\/expertises\/construction\/\" class=\"elementor-item\">Gra\u0111evinarstvo<\/a><\/li>\n<li class=\"menu-item menu-item-type-post_type menu-item-object-page menu-item-336\"><a href=\"https:\/\/ivvk.rs\/expertises\/healthcare-and-pharmaceuticals\/\" class=\"elementor-item\">Zdravstvo i farmaceutska industrija<\/a><\/li>\n<li class=\"menu-item menu-item-type-post_type menu-item-object-page menu-item-337\"><a href=\"https:\/\/ivvk.rs\/expertises\/hospitality-leisure-and-tourism\/\" class=\"elementor-item\">Ugostiteljstvo, slobodno vreme i turizam<\/a><\/li>\n<li class=\"menu-item menu-item-type-post_type menu-item-object-page menu-item-338\"><a href=\"https:\/\/ivvk.rs\/expertises\/infrastructure-and-transport\/\" class=\"elementor-item\">Infrastruktura i transport<\/a><\/li>\n<\/ul>\t\t\t<\/nav>\n\t\t\t\t\t\t<nav class=\"elementor-nav-menu--dropdown elementor-nav-menu__container\" aria-hidden=\"true\">\n\t\t\t\t<ul id=\"menu-2-39d24d74\" class=\"elementor-nav-menu sm-vertical\"><li class=\"menu-item menu-item-type-post_type menu-item-object-page menu-item-334\"><a href=\"https:\/\/ivvk.rs\/expertises\/energy-and-natural-resources\/\" class=\"elementor-item\" tabindex=\"-1\">Energetika i prirodni resursi<\/a><\/li>\n<li class=\"menu-item menu-item-type-post_type menu-item-object-page menu-item-335\"><a href=\"https:\/\/ivvk.rs\/expertises\/financial-institutions\/\" class=\"elementor-item\" tabindex=\"-1\">Finansijske institucije<\/a><\/li>\n<li class=\"menu-item menu-item-type-post_type menu-item-object-page menu-item-333\"><a href=\"https:\/\/ivvk.rs\/expertises\/construction\/\" class=\"elementor-item\" tabindex=\"-1\">Gra\u0111evinarstvo<\/a><\/li>\n<li class=\"menu-item menu-item-type-post_type menu-item-object-page menu-item-336\"><a href=\"https:\/\/ivvk.rs\/expertises\/healthcare-and-pharmaceuticals\/\" class=\"elementor-item\" tabindex=\"-1\">Zdravstvo i farmaceutska industrija<\/a><\/li>\n<li class=\"menu-item menu-item-type-post_type menu-item-object-page menu-item-337\"><a href=\"https:\/\/ivvk.rs\/expertises\/hospitality-leisure-and-tourism\/\" class=\"elementor-item\" tabindex=\"-1\">Ugostiteljstvo, slobodno vreme i turizam<\/a><\/li>\n<li class=\"menu-item menu-item-type-post_type menu-item-object-page menu-item-338\"><a href=\"https:\/\/ivvk.rs\/expertises\/infrastructure-and-transport\/\" class=\"elementor-item\" tabindex=\"-1\">Infrastruktura i transport<\/a><\/li>\n<\/ul>\t\t\t<\/nav>\n\t\t\t\t\t\t<\/div>\n\t\t\t\t<\/div>\n\t\t\t\t<\/div>\n\t\t\t\t\t<\/div>\n\t\t\t\t<\/div>\n\t\t<div class=\"elementor-element elementor-element-2b81ee8c e-flex e-con-boxed e-con e-parent\" data-id=\"2b81ee8c\" data-element_type=\"container\" data-e-type=\"container\" data-settings=\"{&quot;background_background&quot;:&quot;classic&quot;}\">\n\t\t\t\t\t<div class=\"e-con-inner\">\n\t\t\t\t<div class=\"elementor-element elementor-element-77811365 elementor-grid-3 elementor-grid-tablet-2 elementor-grid-mobile-1 elementor-widget elementor-widget-loop-grid\" data-id=\"77811365\" data-element_type=\"widget\" data-e-type=\"widget\" data-settings=\"{&quot;template_id&quot;:3255,&quot;_skin&quot;:&quot;post&quot;,&quot;columns&quot;:&quot;3&quot;,&quot;columns_tablet&quot;:&quot;2&quot;,&quot;columns_mobile&quot;:&quot;1&quot;,&quot;edit_handle_selector&quot;:&quot;[data-elementor-type=\\&quot;loop-item\\&quot;]&quot;,&quot;row_gap&quot;:{&quot;unit&quot;:&quot;px&quot;,&quot;size&quot;:&quot;&quot;,&quot;sizes&quot;:[]},&quot;row_gap_tablet&quot;:{&quot;unit&quot;:&quot;px&quot;,&quot;size&quot;:&quot;&quot;,&quot;sizes&quot;:[]},&quot;row_gap_mobile&quot;:{&quot;unit&quot;:&quot;px&quot;,&quot;size&quot;:&quot;&quot;,&quot;sizes&quot;:[]}}\" data-widget_type=\"loop-grid.post\">\n\t\t\t\t<div class=\"elementor-widget-container\">\n\t\t\t\t\t\t\t<div class=\"e-loop-nothing-found-message\">\n\t\t<\/div>\n\t\t\t\t\t\t<\/div>\n\t\t\t\t<\/div>\n\t\t\t\t\t<\/div>\n\t\t\t\t<\/div>\n\t\t\t\t<\/div>\n\t\t","protected":false},"excerpt":{"rendered":"<p>Gra\u0111evinarstvo Blisko sara\u0111ujemo sa tehni\u010dkim i nabavnim timovima kako bismo obezbedili pravilnu realizaciju projekata i pru\u017eili prilago\u0111ena pravna re\u0161enja koja minimizuju rizik. Jedna od na\u0161ih klju\u010dnih prednosti je strukturiranje slo\u017eenih ugovornih aran\u017emana, uz pa\u017eljivo definisanje odredbi i tro\u0161kovnih modela kako bismo u potpunosti za\u0161titili interese klijenata i obezbedili re\u0161enja prilago\u0111ena konkretnom projektu. IVVK ima bogato [&hellip;]<\/p>\n","protected":false},"author":1,"featured_media":0,"parent":3011,"menu_order":0,"comment_status":"closed","ping_status":"closed","template":"","meta":{"_acf_changed":false,"footnotes":""},"coauthors":[28],"class_list":["post-2975","page","type-page","status-publish","hentry"],"acf":[],"_links":{"self":[{"href":"https:\/\/ivvk.rs\/sr\/wp-json\/wp\/v2\/pages\/2975","targetHints":{"allow":["GET"]}}],"collection":[{"href":"https:\/\/ivvk.rs\/sr\/wp-json\/wp\/v2\/pages"}],"about":[{"href":"https:\/\/ivvk.rs\/sr\/wp-json\/wp\/v2\/types\/page"}],"author":[{"embeddable":true,"href":"https:\/\/ivvk.rs\/sr\/wp-json\/wp\/v2\/users\/1"}],"replies":[{"embeddable":true,"href":"https:\/\/ivvk.rs\/sr\/wp-json\/wp\/v2\/comments?post=2975"}],"version-history":[{"count":2,"href":"https:\/\/ivvk.rs\/sr\/wp-json\/wp\/v2\/pages\/2975\/revisions"}],"predecessor-version":[{"id":3020,"href":"https:\/\/ivvk.rs\/sr\/wp-json\/wp\/v2\/pages\/2975\/revisions\/3020"}],"up":[{"embeddable":true,"href":"https:\/\/ivvk.rs\/sr\/wp-json\/wp\/v2\/pages\/3011"}],"wp:attachment":[{"href":"https:\/\/ivvk.rs\/sr\/wp-json\/wp\/v2\/media?parent=2975"}],"wp:term":[{"taxonomy":"author","embeddable":true,"href":"https:\/\/ivvk.rs\/sr\/wp-json\/wp\/v2\/coauthors?post=2975"}],"curies":[{"name":"wp","href":"https:\/\/api.w.org\/{rel}","templated":true}]}}