{"id":2961,"date":"2025-05-09T21:20:57","date_gmt":"2025-05-09T21:20:57","guid":{"rendered":"https:\/\/ivvk.rs\/o-nama\/"},"modified":"2026-04-06T18:01:47","modified_gmt":"2026-04-06T18:01:47","slug":"o-nama","status":"publish","type":"page","link":"https:\/\/ivvk.rs\/sr\/o-nama\/","title":{"rendered":"O nama"},"content":{"rendered":"\t\t<div data-elementor-type=\"wp-page\" data-elementor-id=\"2961\" class=\"elementor elementor-2961 elementor-14\" data-elementor-post-type=\"page\">\n\t\t\t\t<div class=\"elementor-element elementor-element-c79ed63 e-flex e-con-boxed e-con e-parent\" data-id=\"c79ed63\" data-element_type=\"container\" data-e-type=\"container\" data-settings=\"{&quot;background_background&quot;:&quot;classic&quot;}\">\n\t\t\t\t\t<div class=\"e-con-inner\">\n\t\t\t\t<div class=\"elementor-element elementor-element-215d0f8 elementor-widget elementor-widget-heading\" data-id=\"215d0f8\" data-element_type=\"widget\" data-e-type=\"widget\" data-widget_type=\"heading.default\">\n\t\t\t\t\t<h1 class=\"elementor-heading-title elementor-size-default\">O nama<\/h1>\t\t\t\t<\/div>\n\t\t\t\t<div class=\"elementor-element elementor-element-8caa72d elementor-widget elementor-widget-shortcode\" data-id=\"8caa72d\" data-element_type=\"widget\" data-e-type=\"widget\" data-widget_type=\"shortcode.default\">\n\t\t\t\t\t\t\t<div class=\"elementor-shortcode\"><nav aria-label=\"breadcrumbs\" class=\"rank-math-breadcrumb\"><p><span class=\"last\">Po\u010detna<\/span><\/p><\/nav><\/div>\n\t\t\t\t\t\t<\/div>\n\t\t\t\t\t<\/div>\n\t\t\t\t<\/div>\n\t\t<div class=\"elementor-element elementor-element-48851c5 e-flex e-con-boxed e-con e-parent\" data-id=\"48851c5\" data-element_type=\"container\" data-e-type=\"container\">\n\t\t\t\t\t<div class=\"e-con-inner\">\n\t\t<div class=\"elementor-element elementor-element-3d7fc06 e-con-full e-flex e-con e-child\" data-id=\"3d7fc06\" data-element_type=\"container\" data-e-type=\"container\" data-settings=\"{&quot;background_background&quot;:&quot;gradient&quot;}\">\n\t\t\t\t<div class=\"elementor-element elementor-element-8df9330 elementor-widget elementor-widget-image\" data-id=\"8df9330\" data-element_type=\"widget\" data-e-type=\"widget\" data-widget_type=\"image.default\">\n\t\t\t\t\t\t\t\t\t\t\t\t\t\t\t<img fetchpriority=\"high\" decoding=\"async\" width=\"800\" height=\"800\" src=\"https:\/\/ivvk.rs\/wp-content\/uploads\/2025\/07\/IVVK-About-Us.webp\" class=\"attachment-large size-large wp-image-2957\" alt=\"IVVK - O nama\" srcset=\"https:\/\/ivvk.rs\/wp-content\/uploads\/2025\/07\/IVVK-About-Us.webp 1000w, https:\/\/ivvk.rs\/wp-content\/uploads\/2025\/07\/IVVK-About-Us-300x300.webp 300w, https:\/\/ivvk.rs\/wp-content\/uploads\/2025\/07\/IVVK-About-Us-150x150.webp 150w, https:\/\/ivvk.rs\/wp-content\/uploads\/2025\/07\/IVVK-About-Us-768x768.webp 768w\" sizes=\"(max-width: 800px) 100vw, 800px\" \/>\t\t\t\t\t\t\t\t\t\t\t\t\t\t\t<\/div>\n\t\t\t\t<div class=\"elementor-element elementor-element-248f80d elementor-absolute elementor-hidden-desktop elementor-hidden-tablet elementor-hidden-mobile elementor-widget elementor-widget-image\" data-id=\"248f80d\" data-element_type=\"widget\" data-e-type=\"widget\" data-settings=\"{&quot;_position&quot;:&quot;absolute&quot;}\" data-widget_type=\"image.default\">\n\t\t\t\t\t\t\t\t\t\t\t\t\t\t\t<img decoding=\"async\" width=\"725\" height=\"694\" src=\"https:\/\/ivvk.rs\/wp-content\/uploads\/2025\/08\/IVVK-cube.webp\" class=\"attachment-large size-large wp-image-2958\" alt=\"\" srcset=\"https:\/\/ivvk.rs\/wp-content\/uploads\/2025\/08\/IVVK-cube.webp 725w, https:\/\/ivvk.rs\/wp-content\/uploads\/2025\/08\/IVVK-cube-300x287.webp 300w\" sizes=\"(max-width: 725px) 100vw, 725px\" \/>\t\t\t\t\t\t\t\t\t\t\t\t\t\t\t<\/div>\n\t\t\t\t<\/div>\n\t\t<div class=\"elementor-element elementor-element-ec939b3 e-con-full e-flex e-con e-child\" data-id=\"ec939b3\" data-element_type=\"container\" data-e-type=\"container\">\n\t\t<div class=\"elementor-element elementor-element-f561149 e-con-full e-flex e-con e-child\" data-id=\"f561149\" data-element_type=\"container\" data-e-type=\"container\">\n\t\t\t\t<div class=\"elementor-element elementor-element-b176019 elementor-widget elementor-widget-heading\" data-id=\"b176019\" data-element_type=\"widget\" data-e-type=\"widget\" data-widget_type=\"heading.default\">\n\t\t\t\t\t<h2 class=\"elementor-heading-title elementor-size-default\">IVVK Lawyers<\/h2>\t\t\t\t<\/div>\n\t\t\t\t<div class=\"elementor-element elementor-element-2e50735 elementor-widget elementor-widget-heading\" data-id=\"2e50735\" data-element_type=\"widget\" data-e-type=\"widget\" data-widget_type=\"heading.default\">\n\t\t\t\t\t<h2 class=\"elementor-heading-title elementor-size-default\">Ko smo mi<\/h2>\t\t\t\t<\/div>\n\t\t\t\t<\/div>\n\t\t\t\t<div class=\"elementor-element elementor-element-5a943d6 elementor-widget elementor-widget-text-editor\" data-id=\"5a943d6\" data-element_type=\"widget\" data-e-type=\"widget\" data-widget_type=\"text-editor.default\">\n\t\t\t\t\t\t\t\t\t<p class=\"p1\">IVVK Lawyers je advokatska kancelarija punog spektra usluga sa sedi\u0161tem u Beogradu, Srbija, sa timom od preko 20 iskusnih advokata posve\u0107enih pru\u017eanju vrhunskih pravnih usluga \u0161irom regiona Jugoisto\u010dne Evrope (SEE). Na\u0161e regionalno prisustvo omogu\u0107ava klijentima sveobuhvatnu podr\u0161ku i duboko poznavanje lokalnog tr\u017ei\u0161ta, bez obzira na to gde ih poslovanje vodi.<\/p>\n<p>Pru\u017eamo stru\u010dnost u \u0161irokom spektru pravnih oblasti, sa posebnim fokusom na korporativno pravo, spajanja i akvizicije (M&amp;A), pravo nepokretnosti, energetiku, gra\u0111evinarstvo i radno pravo. Na\u0161a posve\u0107enost izvrsnosti i zadovoljstvu klijenata podsti\u010de nas da pru\u017eamo prilago\u0111ena re\u0161enja koja odgovaraju jedinstvenim potrebama i izazovima svakog klijenta.<\/p>\n\t\t\t\t\t\t\t\t<\/div>\n\t\t<div class=\"elementor-element elementor-element-5689563 e-con-full elementor-hidden-desktop elementor-hidden-tablet elementor-hidden-mobile e-flex e-con e-child\" data-id=\"5689563\" data-element_type=\"container\" data-e-type=\"container\" data-settings=\"{&quot;background_background&quot;:&quot;classic&quot;}\">\n\t\t\t\t<div class=\"elementor-element elementor-element-dac8cf7 elementor-absolute elementor-widget elementor-widget-heading\" data-id=\"dac8cf7\" data-element_type=\"widget\" data-e-type=\"widget\" data-settings=\"{&quot;_position&quot;:&quot;absolute&quot;}\" data-widget_type=\"heading.default\">\n\t\t\t\t\t<h2 class=\"elementor-heading-title elementor-size-default\">\"<\/h2>\t\t\t\t<\/div>\n\t\t\t\t<div class=\"elementor-element elementor-element-70a16bd elementor-widget elementor-widget-text-editor\" data-id=\"70a16bd\" data-element_type=\"widget\" data-e-type=\"widget\" data-widget_type=\"text-editor.default\">\n\t\t\t\t\t\t\t\t\t<p><strong>Lorem Ipsum<\/strong>\u00a0is simply dummy text of the printing and typesetting industry. Lorem Ipsum has been the industry&#8217;s standard dummy text ever since the 1500s, when an unknown printer took a galley of type and scrambled it to make a type specimen book.<\/p>\n\t\t\t\t\t\t\t\t<\/div>\n\t\t\t\t<div class=\"elementor-element elementor-element-4d4108f elementor-widget elementor-widget-text-editor\" data-id=\"4d4108f\" data-element_type=\"widget\" data-e-type=\"widget\" data-widget_type=\"text-editor.default\">\n\t\t\t\t\t\t\t\t\t<p>Lorem ipsum<\/p>\n\t\t\t\t\t\t\t\t<\/div>\n\t\t\t\t<\/div>\n\t\t\t\t<div class=\"elementor-element elementor-element-ec9b8b0 elementor-widget elementor-widget-text-editor\" data-id=\"ec9b8b0\" data-element_type=\"widget\" data-e-type=\"widget\" data-widget_type=\"text-editor.default\">\n\t\t\t\t\t\t\t\t\t<p class=\"p1\">U IVVK Lawyers ponosimo se proaktivnim pristupom, dubinskim poznavanjem industrije i nepokolebljivom posve\u0107eno\u0161\u0107u izgradnji dugoro\u010dnih odnosa sa na\u0161im klijentima. Bilo da ste multinacionalna korporacija ili rastu\u0107e lokalno preduze\u0107e, na\u0161 tim je spreman da podr\u017ei va\u0161e pravne potrebe uz integritet i profesionalizam.<\/p>\n\t\t\t\t\t\t\t\t<\/div>\n\t\t\t\t<\/div>\n\t\t\t\t\t<\/div>\n\t\t\t\t<\/div>\n\t\t<div class=\"elementor-element elementor-element-27ed3cd e-flex e-con-boxed e-con e-parent\" data-id=\"27ed3cd\" data-element_type=\"container\" data-e-type=\"container\" data-settings=\"{&quot;background_background&quot;:&quot;classic&quot;,&quot;shape_divider_top&quot;:&quot;tilt&quot;,&quot;shape_divider_bottom&quot;:&quot;tilt&quot;}\">\n\t\t\t\t\t<div class=\"e-con-inner\">\n\t\t\t\t<div class=\"elementor-shape elementor-shape-top\" aria-hidden=\"true\" data-negative=\"false\">\n\t\t\t<svg xmlns=\"http:\/\/www.w3.org\/2000\/svg\" viewBox=\"0 0 1000 100\" preserveAspectRatio=\"none\">\n\t<path class=\"elementor-shape-fill\" d=\"M0,6V0h1000v100L0,6z\"\/>\n<\/svg>\t\t<\/div>\n\t\t\t\t<div class=\"elementor-shape elementor-shape-bottom\" aria-hidden=\"true\" data-negative=\"false\">\n\t\t\t<svg xmlns=\"http:\/\/www.w3.org\/2000\/svg\" viewBox=\"0 0 1000 100\" preserveAspectRatio=\"none\">\n\t<path class=\"elementor-shape-fill\" d=\"M0,6V0h1000v100L0,6z\"\/>\n<\/svg>\t\t<\/div>\n\t\t\t\t<div class=\"elementor-element elementor-element-3c2b8dd elementor-widget__width-initial elementor-widget elementor-widget-counter\" data-id=\"3c2b8dd\" data-element_type=\"widget\" data-e-type=\"widget\" data-widget_type=\"counter.default\">\n\t\t\t\t\t\t\t<div class=\"elementor-counter\">\n\t\t\t<div class=\"elementor-counter-title\">osnovano<\/div>\t\t\t<div class=\"elementor-counter-number-wrapper\">\n\t\t\t\t<span class=\"elementor-counter-number-prefix\"><\/span>\n\t\t\t\t<span class=\"elementor-counter-number\" data-duration=\"2000\" data-to-value=\"2004\" data-from-value=\"0\">0<\/span>\n\t\t\t\t<span class=\"elementor-counter-number-suffix\"><\/span>\n\t\t\t<\/div>\n\t\t<\/div>\n\t\t\t\t\t\t<\/div>\n\t\t\t\t<div class=\"elementor-element elementor-element-5014261 elementor-widget__width-initial elementor-widget elementor-widget-counter\" data-id=\"5014261\" data-element_type=\"widget\" data-e-type=\"widget\" data-widget_type=\"counter.default\">\n\t\t\t\t\t\t\t<div class=\"elementor-counter\">\n\t\t\t<div class=\"elementor-counter-title\">pravni, finansijski i poslovni stru\u010dnjaci<\/div>\t\t\t<div class=\"elementor-counter-number-wrapper\">\n\t\t\t\t<span class=\"elementor-counter-number-prefix\"><\/span>\n\t\t\t\t<span class=\"elementor-counter-number\" data-duration=\"2000\" data-to-value=\"20\" data-from-value=\"0\" data-delimiter=\",\">0<\/span>\n\t\t\t\t<span class=\"elementor-counter-number-suffix\">+<\/span>\n\t\t\t<\/div>\n\t\t<\/div>\n\t\t\t\t\t\t<\/div>\n\t\t\t\t<div class=\"elementor-element elementor-element-95e9491 elementor-widget__width-initial elementor-widget elementor-widget-counter\" data-id=\"95e9491\" data-element_type=\"widget\" data-e-type=\"widget\" data-widget_type=\"counter.default\">\n\t\t\t\t\t\t\t<div class=\"elementor-counter\">\n\t\t\t<div class=\"elementor-counter-title\">jurisdikcije u kojima poslujemo<\/div>\t\t\t<div class=\"elementor-counter-number-wrapper\">\n\t\t\t\t<span class=\"elementor-counter-number-prefix\"><\/span>\n\t\t\t\t<span class=\"elementor-counter-number\" data-duration=\"2000\" data-to-value=\"6\" data-from-value=\"0\" data-delimiter=\",\">0<\/span>\n\t\t\t\t<span class=\"elementor-counter-number-suffix\"><\/span>\n\t\t\t<\/div>\n\t\t<\/div>\n\t\t\t\t\t\t<\/div>\n\t\t\t\t<div class=\"elementor-element elementor-element-2086471 elementor-widget__width-initial elementor-widget elementor-widget-counter\" data-id=\"2086471\" data-element_type=\"widget\" data-e-type=\"widget\" data-widget_type=\"counter.default\">\n\t\t\t\t\t\t\t<div class=\"elementor-counter\">\n\t\t\t<div class=\"elementor-counter-title\">predmeti vezani za dugovanja<\/div>\t\t\t<div class=\"elementor-counter-number-wrapper\">\n\t\t\t\t<span class=\"elementor-counter-number-prefix\"><\/span>\n\t\t\t\t<span class=\"elementor-counter-number\" data-duration=\"2000\" data-to-value=\"150000\" data-from-value=\"0\" data-delimiter=\",\">0<\/span>\n\t\t\t\t<span class=\"elementor-counter-number-suffix\">+<\/span>\n\t\t\t<\/div>\n\t\t<\/div>\n\t\t\t\t\t\t<\/div>\n\t\t\t\t\t<\/div>\n\t\t\t\t<\/div>\n\t\t<div class=\"elementor-element elementor-element-9d72c6b e-con-full e-flex e-con e-parent\" data-id=\"9d72c6b\" data-element_type=\"container\" data-e-type=\"container\" data-settings=\"{&quot;background_background&quot;:&quot;classic&quot;}\">\n\t\t\t\t<div class=\"elementor-element elementor-element-cdaacb8 elementor-widget elementor-widget-heading\" data-id=\"cdaacb8\" data-element_type=\"widget\" data-e-type=\"widget\" data-widget_type=\"heading.default\">\n\t\t\t\t\t<h2 class=\"elementor-heading-title elementor-size-default\">Utisci klijenata<\/h2>\t\t\t\t<\/div>\n\t\t\t\t<div class=\"elementor-element elementor-element-70ec24a elementor-pagination-type-fraction elementor-widget__width-initial elementor-testimonial--skin-default elementor-testimonial--layout-image_inline elementor-testimonial--align-center elementor-widget elementor-widget-testimonial-carousel\" data-id=\"70ec24a\" data-element_type=\"widget\" data-e-type=\"widget\" data-settings=\"{&quot;slides_per_view&quot;:&quot;1&quot;,&quot;space_between&quot;:{&quot;unit&quot;:&quot;px&quot;,&quot;size&quot;:20,&quot;sizes&quot;:[]},&quot;pagination&quot;:&quot;fraction&quot;,&quot;lazyload&quot;:&quot;yes&quot;,&quot;speed&quot;:500,&quot;autoplay&quot;:&quot;yes&quot;,&quot;autoplay_speed&quot;:5000,&quot;loop&quot;:&quot;yes&quot;,&quot;pause_on_hover&quot;:&quot;yes&quot;,&quot;pause_on_interaction&quot;:&quot;yes&quot;,&quot;space_between_tablet&quot;:{&quot;unit&quot;:&quot;px&quot;,&quot;size&quot;:10,&quot;sizes&quot;:[]},&quot;space_between_mobile&quot;:{&quot;unit&quot;:&quot;px&quot;,&quot;size&quot;:10,&quot;sizes&quot;:[]}}\" data-widget_type=\"testimonial-carousel.default\">\n\t\t\t\t\t\t\t\t\t\t<div class=\"elementor-main-swiper swiper\" role=\"region\" aria-roledescription=\"carousel\" aria-label=\"Slides\">\n\t\t\t\t<div class=\"swiper-wrapper\">\n\t\t\t\t\t\t\t\t\t\t\t<div class=\"swiper-slide\" role=\"group\" aria-roledescription=\"slide\">\n\t\t\t\t\t\t\t\t\t<div class=\"elementor-testimonial\">\n\t\t\t\t\t\t\t<div class=\"elementor-testimonial__content\">\n\t\t\t\t\t<div class=\"elementor-testimonial__text\">\n\t\t\t\t\t\t<p class=\"p1\">IVVK Lawyers je advokatska kancelarija punog spektra usluga sa sedi\u0161tem u Beogradu, Srbija, sa timom od preko 15 iskusnih advokata posve\u0107enih pru\u017eanju vrhunskih pravnih usluga \u0161irom regiona Jugoisto\u010dne Evrope (SEE). Na\u0161e regionalno prisustvo omogu\u0107ava klijentima sveobuhvatnu podr\u0161ku i duboko poznavanje lokalnog tr\u017ei\u0161ta, bez obzira na to gde ih poslovanje vodi.<\/p>\n\t\t\t\t\t<\/div>\n\t\t\t\t\t\t\t\t\t<\/div>\n\t\t\t\t\t\t<div class=\"elementor-testimonial__footer\">\n\t\t\t\t\t\t\t\t\t\t\t<\/div>\n\t\t<\/div>\n\t\t\t\t\t\t\t\t<\/div>\n\t\t\t\t\t\t\t\t\t\t\t<div class=\"swiper-slide\" role=\"group\" aria-roledescription=\"slide\">\n\t\t\t\t\t\t\t\t\t<div class=\"elementor-testimonial\">\n\t\t\t\t\t\t\t<div class=\"elementor-testimonial__content\">\n\t\t\t\t\t<div class=\"elementor-testimonial__text\">\n\t\t\t\t\t\t<p class=\"p1\">Pru\u017eamo stru\u010dnost u \u0161irokom spektru pravnih oblasti, sa posebnim fokusom na korporativno pravo, spajanja i akvizicije (M&amp;A), pravo nepokretnosti, energetiku, gra\u0111evinarstvo i radno pravo. Na\u0161a posve\u0107enost izvrsnosti i zadovoljstvu klijenata podsti\u010de nas da pru\u017eamo prilago\u0111ena re\u0161enja koja odgovaraju jedinstvenim potrebama i izazovima svakog klijenta.<\/p>\n\t\t\t\t\t<\/div>\n\t\t\t\t\t\t\t\t\t<\/div>\n\t\t\t\t\t\t<div class=\"elementor-testimonial__footer\">\n\t\t\t\t\t\t\t\t\t\t\t<\/div>\n\t\t<\/div>\n\t\t\t\t\t\t\t\t<\/div>\n\t\t\t\t\t\t\t\t\t\t\t<div class=\"swiper-slide\" role=\"group\" aria-roledescription=\"slide\">\n\t\t\t\t\t\t\t\t\t<div class=\"elementor-testimonial\">\n\t\t\t\t\t\t\t<div class=\"elementor-testimonial__content\">\n\t\t\t\t\t<div class=\"elementor-testimonial__text\">\n\t\t\t\t\t\t<p class=\"p1\">U IVVK Lawyers ponosimo se proaktivnim pristupom, dubinskim poznavanjem industrije i nepokolebljivom posve\u0107eno\u0161\u0107u izgradnji dugoro\u010dnih odnosa sa na\u0161im klijentima. Bilo da ste multinacionalna korporacija ili rastu\u0107e lokalno preduze\u0107e, na\u0161 tim je spreman da podr\u017ei va\u0161e pravne potrebe uz integritet i profesionalizam.<\/p>\n\t\t\t\t\t<\/div>\n\t\t\t\t\t\t\t\t\t<\/div>\n\t\t\t\t\t\t<div class=\"elementor-testimonial__footer\">\n\t\t\t\t\t\t\t\t\t\t\t<\/div>\n\t\t<\/div>\n\t\t\t\t\t\t\t\t<\/div>\n\t\t\t\t\t\t\t\t\t<\/div>\n\t\t\t\t\t\t\t\t\t\t\t\t\t\t\t\t\t\t\t\t<div class=\"swiper-pagination\"><\/div>\n\t\t\t\t\t\t\t\t\t\t\t\t<\/div>\n\t\t\t\t\t\t\t\t<\/div>\n\t\t\t\t<\/div>\n\t\t\t\t<\/div>\n\t\t","protected":false},"excerpt":{"rendered":"<p>O nama IVVK Lawyers Ko smo mi IVVK Lawyers je advokatska kancelarija punog spektra usluga sa sedi\u0161tem u Beogradu, Srbija, sa timom od preko 20 iskusnih advokata posve\u0107enih pru\u017eanju vrhunskih pravnih usluga \u0161irom regiona Jugoisto\u010dne Evrope (SEE). Na\u0161e regionalno prisustvo omogu\u0107ava klijentima sveobuhvatnu podr\u0161ku i duboko poznavanje lokalnog tr\u017ei\u0161ta, bez obzira na to gde ih [&hellip;]<\/p>\n","protected":false},"author":1,"featured_media":0,"parent":0,"menu_order":0,"comment_status":"closed","ping_status":"closed","template":"","meta":{"_acf_changed":false,"footnotes":""},"coauthors":[28],"class_list":["post-2961","page","type-page","status-publish","hentry"],"acf":[],"_links":{"self":[{"href":"https:\/\/ivvk.rs\/sr\/wp-json\/wp\/v2\/pages\/2961","targetHints":{"allow":["GET"]}}],"collection":[{"href":"https:\/\/ivvk.rs\/sr\/wp-json\/wp\/v2\/pages"}],"about":[{"href":"https:\/\/ivvk.rs\/sr\/wp-json\/wp\/v2\/types\/page"}],"author":[{"embeddable":true,"href":"https:\/\/ivvk.rs\/sr\/wp-json\/wp\/v2\/users\/1"}],"replies":[{"embeddable":true,"href":"https:\/\/ivvk.rs\/sr\/wp-json\/wp\/v2\/comments?post=2961"}],"version-history":[{"count":23,"href":"https:\/\/ivvk.rs\/sr\/wp-json\/wp\/v2\/pages\/2961\/revisions"}],"predecessor-version":[{"id":3248,"href":"https:\/\/ivvk.rs\/sr\/wp-json\/wp\/v2\/pages\/2961\/revisions\/3248"}],"wp:attachment":[{"href":"https:\/\/ivvk.rs\/sr\/wp-json\/wp\/v2\/media?parent=2961"}],"wp:term":[{"taxonomy":"author","embeddable":true,"href":"https:\/\/ivvk.rs\/sr\/wp-json\/wp\/v2\/coauthors?post=2961"}],"curies":[{"name":"wp","href":"https:\/\/api.w.org\/{rel}","templated":true}]}}